{"id":618,"date":"2019-08-28T19:19:43","date_gmt":"2019-08-28T17:19:43","guid":{"rendered":"https:\/\/www.veniceapartmentssansamuele.com\/contacts\/"},"modified":"2020-06-29T11:27:39","modified_gmt":"2020-06-29T09:27:39","slug":"contacts","status":"publish","type":"page","link":"https:\/\/www.veniceapartmentssansamuele.com\/fr\/contacts\/","title":{"rendered":"Contacts"},"content":{"rendered":"<p>[vc_row row_type=\u00a0\u00bbrow\u00a0\u00bb use_row_as_full_screen_section=\u00a0\u00bbno\u00a0\u00bb type=\u00a0\u00bbfull_width\u00a0\u00bb text_align=\u00a0\u00bbleft\u00a0\u00bb css_animation=\u00a0\u00bb\u00a0\u00bb][vc_column][vc_column_text]<div class=\"wpgmp_map_container wpgmp-map-provider-google wpgmp-map-1\" rel=\"map1\" data-plugin-version=\"4.8.6\"><div class=\"wpgmp_map_parent\"><div class=\"wpgmp_map \" style=\"width:100%; height:800px;\" id=\"map1\" data-map-id=\"1\"><\/div><\/div><\/div><script>jQuery(document).ready(function($){ window.wpgmp = window.wpgmp || {}; window.wpgmp.mapdata1 = \"eyJhdXRvc29ydCI6dHJ1ZSwibWFwX29wdGlvbnMiOnsiY2VudGVyX2xhdCI6IjQ1LjQzNDQ5NzkwODE2ODA1IiwiY2VudGVyX2xuZyI6IjEyLjMyOTcwNzk4MTY0OTMzNSIsInpvb20iOjE2LCJtYXBfdHlwZV9pZCI6IlJPQURNQVAiLCJjZW50ZXJfYnlfbmVhcmVzdCI6ZmFsc2UsImZpdF9ib3VuZHMiOmZhbHNlLCJzaG93X2NlbnRlcl9jaXJjbGUiOmZhbHNlLCJzaG93X2NlbnRlcl9tYXJrZXIiOmZhbHNlLCJkcmFnZ2FibGUiOnRydWUsInNjcm9sbF93aGVlbCI6ImZhbHNlIiwiaW5mb3dpbmRvd19za2luIjp7Im5hbWUiOiJkZWZhdWx0IiwidHlwZSI6ImluZm93aW5kb3cifSwiaW5mb3dpbmRvd19kcm9wX2FuaW1hdGlvbiI6ZmFsc2UsImNsb3NlX2luZm93aW5kb3dfb25fbWFwX2NsaWNrIjpmYWxzZSwiZGVmYXVsdF9pbmZvd2luZG93X29wZW4iOmZhbHNlLCJpbmZvd2luZG93X29wZW5fZXZlbnQiOiJjbGljayIsImxpc3RpbmdfaW5mb3dpbmRvd19vcGVuX2V2ZW50IjoiY2xpY2siLCJpc19tb2JpbGUiOmZhbHNlLCJpbmZvd2luZG93X2ZpbHRlcl9vbmx5IjpmYWxzZSwiaW5mb3dpbmRvd19jbGlja19jaGFuZ2VfY2VudGVyIjpmYWxzZSwiZnVsbF9zY3JlZW5fY29udHJvbCI6dHJ1ZSwiY2FtZXJhX2NvbnRyb2wiOmZhbHNlLCJzZWFyY2hfY29udHJvbCI6dHJ1ZSwiem9vbV9jb250cm9sIjp0cnVlLCJtYXBfdHlwZV9jb250cm9sIjp0cnVlLCJzdHJlZXRfdmlld19jb250cm9sIjp0cnVlLCJsb2NhdGVtZV9jb250cm9sIjpmYWxzZSwibW9iaWxlX3NwZWNpZmljIjpmYWxzZSwiem9vbV9tb2JpbGUiOjUsImRyYWdnYWJsZV9tb2JpbGUiOnRydWUsInNjcm9sbF93aGVlbF9tb2JpbGUiOnRydWUsInpvb21fY29udHJvbF9wb3NpdGlvbiI6IlJJR0hUX0NFTlRFUiIsIm1hcF90eXBlX2NvbnRyb2xfcG9zaXRpb24iOiJUT1BfUklHSFQiLCJtYXBfdHlwZV9jb250cm9sX3N0eWxlIjoiSE9SSVpPTlRBTF9CQVIiLCJzdHJlZXRfdmlld19jb250cm9sX3Bvc2l0aW9uIjoiVE9QX0xFRlQiLCJtYXBfaW5mb3dpbmRvd19jdXN0b21pc2F0aW9ucyI6ZmFsc2UsImluZm93aW5kb3dfd2lkdGgiOiIxMDAlIiwic2hvd19pbmZvd2luZG93X2hlYWRlciI6ZmFsc2UsInpvb21fbGV2ZWxfYWZ0ZXJfc2VhcmNoIjoxMCwiZG91YmxlY2xpY2t6b29tIjpmYWxzZSwiY3VycmVudF9wb3N0X29ubHkiOmZhbHNlLCJhZHZhbmNlX3RlbXBsYXRlIjpmYWxzZSwibWFwX3RpbGVfdXJsIjoiaHR0cHM6XC9cL3tzfS50aWxlLm9wZW5zdHJlZXRtYXAub3JnXC97en1cL3t4fVwve3l9LnBuZyIsIm9wZW5zdHJlZXRfc3R5bGVzIjp7Ik9wZW5TdHJlZXRNYXAuTWFwbmlrIjoiaHR0cHM6XC9cL3tzfS50aWxlLm9wZW5zdHJlZXRtYXAub3JnXC97en1cL3t4fVwve3l9LnBuZyIsIk9wZW5TdHJlZXRNYXAuREUiOiJodHRwczpcL1wve3N9LnRpbGUub3BlbnN0cmVldG1hcC5kZVwvdGlsZXNcL29zbWRlXC97en1cL3t4fVwve3l9LnBuZyIsIk9wZW5TdHJlZXRNYXAuQ0giOiJodHRwczpcL1wvdGlsZS5vc20uY2hcL3N3aXR6ZXJsYW5kXC97en1cL3t4fVwve3l9LnBuZyIsIk9wZW5TdHJlZXRNYXAuRnJhbmNlIjoiaHR0cHM6XC9cL3tzfS50aWxlLm9wZW5zdHJlZXRtYXAuZnJcL29zbWZyXC97en1cL3t4fVwve3l9LnBuZyIsIk9wZW5TdHJlZXRNYXAuSE9UIjoiaHR0cHM6XC9cL3tzfS50aWxlLm9wZW5zdHJlZXRtYXAuZnJcL2hvdFwve3p9XC97eH1cL3t5fS5wbmciLCJPcGVuU3RyZWV0TWFwLkJaSCI6Imh0dHBzOlwvXC90aWxlLm9wZW5zdHJlZXRtYXAuYnpoXC9iclwve3p9XC97eH1cL3t5fS5wbmciLCJPcGVuVG9wb01hcCI6Imh0dHBzOlwvXC97c30udGlsZS5vcGVudG9wb21hcC5vcmdcL3t6fVwve3h9XC97eX0ucG5nIiwiVGh1bmRlcmZvcmVzdC5PcGVuQ3ljbGVNYXAiOiJodHRwczpcL1wvZGV2LntzfS50aWxlLm9wZW5zdHJlZXRtYXAuZnJcL2N5Y2xvc21cL3t6fVwve3h9XC97eX0ucG5nIiwiT3Blbk1hcFN1cmZlci5Sb2FkcyI6Imh0dHBzOlwvXC9tYXBzLmhlaWdpdC5vcmdcL29wZW5tYXBzdXJmZXJcL3RpbGVzXC9yb2Fkc1wvd2VibWVyY2F0b3JcL3t6fVwve3h9XC97eX0ucG5nIn0sIm9wZW5zdHJlZXRfc3R5bGVzX21hcmt1cCI6IjxzZWxlY3QgY2xhc3M9XCJ3cG9tcF9tYXBfdHlwZVwiPjxvcHRpb24gdmFsdWU9XCJPcGVuU3RyZWV0TWFwLk1hcG5pa1wiPk9wZW5TdHJlZXRNYXAuTWFwbmlrPFwvb3B0aW9uPjxvcHRpb24gdmFsdWU9XCJPcGVuU3RyZWV0TWFwLkRFXCI+T3BlblN0cmVldE1hcC5ERTxcL29wdGlvbj48b3B0aW9uIHZhbHVlPVwiT3BlblN0cmVldE1hcC5DSFwiPk9wZW5TdHJlZXRNYXAuQ0g8XC9vcHRpb24+PG9wdGlvbiB2YWx1ZT1cIk9wZW5TdHJlZXRNYXAuRnJhbmNlXCI+T3BlblN0cmVldE1hcC5GcmFuY2U8XC9vcHRpb24+PG9wdGlvbiB2YWx1ZT1cIk9wZW5TdHJlZXRNYXAuSE9UXCI+T3BlblN0cmVldE1hcC5IT1Q8XC9vcHRpb24+PG9wdGlvbiB2YWx1ZT1cIk9wZW5TdHJlZXRNYXAuQlpIXCI+T3BlblN0cmVldE1hcC5CWkg8XC9vcHRpb24+PG9wdGlvbiB2YWx1ZT1cIk9wZW5Ub3BvTWFwXCI+T3BlblRvcG9NYXA8XC9vcHRpb24+PG9wdGlvbiB2YWx1ZT1cIlRodW5kZXJmb3Jlc3QuT3BlbkN5Y2xlTWFwXCI+VGh1bmRlcmZvcmVzdC5PcGVuQ3ljbGVNYXA8XC9vcHRpb24+PG9wdGlvbiB2YWx1ZT1cIk9wZW5NYXBTdXJmZXIuUm9hZHNcIj5PcGVuTWFwU3VyZmVyLlJvYWRzPFwvb3B0aW9uPjxcL3NlbGVjdD4iLCJtYXBfYm94X3N0eWxlc19tYXJrdXAiOiI8c2VsZWN0IGNsYXNzPVwid3BvbXBfbWFwYm94X3R5cGVcIj48b3B0aW9uIHZhbHVlPVwic3RyZWV0cy12MTFcIj5TdHJlZXRzPFwvb3B0aW9uPjxvcHRpb24gdmFsdWU9XCJsaWdodC12MTBcIj5MaWdodDxcL29wdGlvbj48b3B0aW9uIHZhbHVlPVwiZGFyay12MTBcIj5EYXJrPFwvb3B0aW9uPjxvcHRpb24gdmFsdWU9XCJvdXRkb29ycy12MTFcIj5PdXRkb29yczxcL29wdGlvbj48b3B0aW9uIHZhbHVlPVwic2F0ZWxsaXRlLXY5XCI+U2F0ZWxsaXRlPFwvb3B0aW9uPjxcL3NlbGVjdD4iLCJib3VuZF9tYXBfYWZ0ZXJfZmlsdGVyIjpmYWxzZSwiZGlzcGxheV9yZXNldF9idXR0b24iOmZhbHNlLCJtYXBfcmVzZXRfYnV0dG9uX3RleHQiOiJSXHUwMGU5aW5pdGlhbGlzZXIiLCJoZWlnaHQiOiI4MDAiLCJ0aWxlc19wcm92aWRlciI6Im9wZW5zdHJlZXQifSwicGxhY2VzIjpbeyJpZCI6IjEiLCJ0aXRsZSI6IlZlbmljZSBBcGFydG1lbnRzIFNhbiBTYW11ZWxlIiwiYWRkcmVzcyI6IlNhbiBNYXJjbywgMzI2OCIsInNvdXJjZSI6Im1hbnVhbCIsImNvbnRlbnQiOiJWZW5pY2UgQXBhcnRtZW50cyBTYW4gU2FtdWVsZSIsImxvY2F0aW9uIjp7Imljb24iOiIiLCJsYXQiOiI0NS40MzQ0OTc5MDgxNjgwNSIsImxuZyI6IjEyLjMyOTcwNzk4MTY0OTMzNSIsImNpdHkiOiJWZW5lemlhIiwic3RhdGUiOiJWZW5ldG8iLCJjb3VudHJ5IjoiSXRhbHkiLCJvbmNsaWNrX2FjdGlvbiI6Im1hcmtlciIsInJlZGlyZWN0X2N1c3RvbV9saW5rIjoiIiwibWFya2VyX2ltYWdlIjoiPGRpdiBjbGFzcz0nZmMtZmVhdHVyZS1pbWcnPjxpbWcgbG9hZGluZz0nbGF6eScgZGVjb2Rpbmc9J2FzeW5jJyBhbHQ9J1ZlbmljZSBBcGFydG1lbnRzIFNhbiBTYW11ZWxlJyBzcmM9J2h0dHBzOlwvXC93d3cudmVuaWNlYXBhcnRtZW50c3NhbnNhbXVlbGUuY29tXC93cC1jb250ZW50XC9wbHVnaW5zXC93cC1nb29nbGUtbWFwLXBsdWdpblwvYXNzZXRzXC9pbWFnZXNcL3NhbXBsZS5qcGcnIGNsYXNzPSd3cGdtcF9tYXJrZXJfaW1hZ2UgZmMtaXRlbS1mZWF0dXJlZF9pbWFnZSBmYy1pdGVtLWxhcmdlJyBcLz48XC9kaXY+Iiwib3Blbl9uZXdfdGFiIjoieWVzIiwicG9zdGFsX2NvZGUiOiIzMDEyNCIsImRyYWdnYWJsZSI6IiIsImluZm93aW5kb3dfZGVmYXVsdF9vcGVuIjoiIiwiYW5pbWF0aW9uIjoiQk9VTkNFIiwiaW5mb3dpbmRvd19kaXNhYmxlIjp0cnVlLCJ6b29tIjo1LCJleHRyYV9maWVsZHMiOnsibGlzdG9yZGVyIjowfX0sImNhdGVnb3JpZXMiOltdLCJjdXN0b21fZmlsdGVycyI6W119XSwibWFwX3Byb3BlcnR5Ijp7Im1hcF9pZCI6IjEifSwic2hhcGVzIjp7ImRyYXdpbmdfZWRpdGFibGUiOmZhbHNlfSwiZmlsdGVycyI6eyJmaWx0ZXJzX2NvbnRhaW5lciI6IltkYXRhLWNvbnRhaW5lcj1cIndwZ21wLWZpbHRlcnMtY29udGFpbmVyXCJdIn0sImdsb2JhbF9zZXR0aW5ncyI6ZmFsc2UsInByb3ZpZGVyIjoiZ29vZ2xlIiwiYXBpS2V5IjoiIn0=\"; });<\/script>[\/vc_column_text][\/vc_column][\/vc_row][vc_row row_type=\u00a0\u00bbrow\u00a0\u00bb use_row_as_full_screen_section=\u00a0\u00bbno\u00a0\u00bb type=\u00a0\u00bbgrid\u00a0\u00bb text_align=\u00a0\u00bbleft\u00a0\u00bb padding_top=\u00a0\u00bb45&Prime; padding_bottom=\u00a0\u00bb45&Prime; css_animation=\u00a0\u00bb\u00a0\u00bb][vc_column][vc_column_text]<\/p>\n<h2>PLAN D&rsquo;ACC\u00c8S<\/h2>\n<p>[\/vc_column_text][vc_empty_space height=\u00a0\u00bb20px\u00a0\u00bb][vc_empty_space height=\u00a0\u00bb35px\u00a0\u00bb][vc_column_text]<\/p>\n<h3><u>EN AVION \u2013 DE L\u2019AEROPORT \u00ab\u00a0MARCO POLO\u00a0\u00bb<\/u><\/h3>\n<p>\u00c0 l&rsquo;a\u00e9roport international \u201cMarco Polo\u201d de Venise, vous trouverez la navette fluviale \u00ab\u00a0Alilaguna\u00a0\u00bb &#8211; ligne Orange (https:\/\/www.alilaguna.it\/fr\/lignes\/linea-arancio)qui vous conduit \u00e0 Sant&rsquo;Angelo en 1 huere. De l\u00e0, vous serez \u00e0 3 minutes des Venice in love Apartments in San Sameule<\/p>\n<p>Sinon, en arrivant \u00e0 l&rsquo;a\u00e9roport, empruntez le bus ACTV n\u00b05 (<a href=\"http:\/\/actv.avmspa.it\/it\/content\/orari-actv\">http:\/\/actv.avmspa.it\/it\/content\/orari-actv<\/a>) ou le bus ATVO n\u00b0 35 (<a href=\"http:\/\/www.atvo.it\/it-orari-e-autolinee.html\">http:\/\/www.atvo.it\/it-orari-e-autolinee.html<\/a>).<\/p>\n<p>Ils vous conduiront directement \u00e0 Venise, Piazzale Roma (en 20 minutes). Au terminal autoroutier de la ville, continuez \u00e0 bord du vaporetto <strong>ACTV<\/strong> <strong>n\u00b0<\/strong> <strong>1<\/strong> en direction de Saint-Marc et descendez \u00e0 l&rsquo;arr\u00eat appel\u00e9 \u00ab\u00a0Sant\u2019Angelo\u00a0\u00bb ou n\u00b02 en direction de Saint-Marc et descendez \u00e0 l&rsquo;arr\u00eat appel\u00e9 \u00ab\u00a0San Samuele\u00a0\u00bb.[\/vc_column_text][vc_empty_space height=\u00a0\u00bb35px\u00a0\u00bb][vc_column_text]<\/p>\n<h3><u>EN AVION \u2013 DE L\u2019AEROPORT \u00ab CANOVA DE TREVISO \u00bb<\/u><\/h3>\n<p>Si vous atterrissez \u00e0 l\u2019a\u00e9roport \u201cCanova\u201c de Tr\u00e9vise, prenez le bus ATVO (<a href=\"http:\/\/actv.avmspa.it\/it\">http:\/\/actv.avmspa.it\/it<\/a>) direct pour Venise &#8211; Piazzale Roma et suivez les indications du paragraphe pr\u00e9c\u00e9dent.[\/vc_column_text][vc_empty_space height=\u00a0\u00bb35px\u00a0\u00bb][vc_column_text]<\/p>\n<h3><u>E<\/u><u>N TRAIN<\/u><\/h3>\n<p>\u00c0 votre arriv\u00e9e \u00e0 la gare ferroviaire de \u00ab\u00a0Santa Lucia\u00a0\u00bb, prenez le vaporetto <strong>ACTV<\/strong> <strong>n\u00b0<\/strong> <strong>1<\/strong> en direction de Saint-Marc et descendez \u00e0 l&rsquo;arr\u00eat appel\u00e9 \u00ab\u00a0Sant\u2019Angelo\u00a0\u00bb ou n\u00b02 en direction de Saint-Marc et descendez \u00e0 l&rsquo;arr\u00eat appel\u00e9 \u00ab\u00a0San Samuele\u00a0\u00bb.[\/vc_column_text][vc_empty_space height=\u00a0\u00bb35px\u00a0\u00bb][vc_column_text]<\/p>\n<h3><u>EN VOITURE<\/u><\/h3>\n<p>De l&rsquo;autoroute A4, Milan-Venise, prenez la sortie Venise Mestre et suivez les indications pour Venise &#8211; Piazzale Roma. Puis, prenez le vaporetto vaporetto <strong>ACTV<\/strong> <strong>n\u00b0<\/strong> <strong>1<\/strong> en direction de Saint-Marc et descendez \u00e0 l&rsquo;arr\u00eat appel\u00e9 \u00ab\u00a0Sant\u2019Angelo\u00a0\u00bb ou n\u00b02 en direction de Saint-Marc et descendez \u00e0 l&rsquo;arr\u00eat appel\u00e9 \u00ab\u00a0San Samuele\u00a0\u00bb.<\/p>\n<p>Parking \u00e0 Piazzale Roma ou Tronchetto<\/p>\n<p>Si vous arrivez \u00e0 Venise en voiture, nous vous conseillons de choisir l\u2019un des parkings suivants:<\/p>\n<p>1)\u00a0<strong>GARAGE SAN MARCO<\/strong>\u00a0\u00e0\u00a0 Piazzale Roma:<\/p>\n<p>Tarif\u00a0 journalier.24h, Euro 32,00. pr\u00e9pay\u00e9 et r\u00e9servation de place en ligne, Euro 30,00 (<a href=\"http:\/\/www.garagesanmarco.it\/\">www.garagesanmarco.it<\/a>)<\/p>\n<p>2)\u00a0<strong>AUTORIMESSA COMUNALE<\/strong>\u00a0 \u00e0 Piazzale Roma:<\/p>\n<p>Tarif\u00a0 journalier .24h, Euro 26,00.\u00a0Tarif pr\u00e9pay\u00e9 et r\u00e9servation de place en ligne, Euro 23,40 (<a href=\"http:\/\/www.veneziaunica.it\/ecommerce\/products\/pack\/parcheggio_piazzaleroma\">http:\/\/www.veneziaunica.it\/ecommerce\/products\/pack\/parcheggio_piazzaleroma<\/a>\u00a0)<\/p>\n<p><strong>De Piazzale Roma Transport public Vaporetto ACTV n\u00b0 1 (dir\u00e9ction Lido) <\/strong><\/p>\n<p>3)\u00a0<strong>TRONCHETTO PARKING<\/strong>, \u00a0Isola Nuovo del Tronchetto:<\/p>\n<p><strong><u>situ\u00e9 \u00e0 l&rsquo;entr\u00e9e de Venise, tourner \u00e0 droite au premier feu au bout du pont de la Libert\u00e9. <\/u><\/strong><strong><u>Tarif journalier 24h (www.veniceparking.it)<\/u><\/strong><\/p>\n<p><strong>DE Tronchetto isola nuova public Vaporetto ACTV n\u00b0 2 (direction St. Mark)<\/strong><\/p>\n<h3><u>TRANSFERT<\/u><\/h3>\n<p>Nous sommes \u00e0 votre disposition pour organiser un service de transfert de votre point d&rsquo;arriv\u00e9e \u00e0 l&rsquo;appartement. N&rsquo;h\u00e9sitez pas \u00e0 nous contacter pour plus d&rsquo;informations.<\/p>\n<h3><u>BILLETS D&rsquo;HEURE ACTV:<\/u><\/h3>\n<p>Nous vous conseillons d\u2019acheter des billets de visite chronom\u00e9tr\u00e9s \u00e0 n\u2019importe quelle billetterie Actv, ce qui vous permettra d\u2019\u00e9conomiser de l\u2019argent puisque le billet aller simple co\u00fbte 7,50 \u20ac. Selon votre s\u00e9jour \u00e0 Venise, vous pouvez choisir: 24 heures 20,00 \u20ac par personne, 48 heures 30,00 \u20ac par personne, 72 heures 40,00 \u20ac par personne ou 7 jours 60,00 \u20ac par personne.[\/vc_column_text][\/vc_column][\/vc_row][vc_row row_type=\u00a0\u00bbrow\u00a0\u00bb use_row_as_full_screen_section=\u00a0\u00bbno\u00a0\u00bb type=\u00a0\u00bbfull_width\u00a0\u00bb text_align=\u00a0\u00bbleft\u00a0\u00bb css_animation=\u00a0\u00bb\u00a0\u00bb][vc_column][vc_column_text]<br \/>\n[\/vc_column_text][\/vc_column][\/vc_row][vc_row row_type=\u00a0\u00bbrow\u00a0\u00bb use_row_as_full_screen_section=\u00a0\u00bbno\u00a0\u00bb type=\u00a0\u00bbgrid\u00a0\u00bb text_align=\u00a0\u00bbleft\u00a0\u00bb padding_top=\u00a0\u00bb45&Prime; padding_bottom=\u00a0\u00bb45&Prime; css_animation=\u00a0\u00bb\u00a0\u00bb][vc_column width=\u00a0\u00bb2\/3&Prime;][vc_column_text]<\/p>\n<h5>Remplissez le formulaire pour obtenir plus d&rsquo;informations.<\/h5>\n<p>[\/vc_column_text]<div role=\"form\" class=\"wpcf7\" id=\"wpcf7-f626-o1\" lang=\"it-IT\" dir=\"ltr\">\n<div class=\"screen-reader-response\"><p role=\"status\" aria-live=\"polite\" aria-atomic=\"true\"><\/p> <ul><\/ul><\/div>\n<form action=\"\/fr\/wp-json\/wp\/v2\/pages\/618#wpcf7-f626-o1\" method=\"post\" class=\"wpcf7-form init cf7_custom_style_1\" novalidate=\"novalidate\" data-status=\"init\">\n<div style=\"display: none;\">\n<input type=\"hidden\" name=\"_wpcf7\" value=\"626\" \/>\n<input type=\"hidden\" name=\"_wpcf7_version\" value=\"5.5.3\" \/>\n<input type=\"hidden\" name=\"_wpcf7_locale\" value=\"it_IT\" \/>\n<input type=\"hidden\" name=\"_wpcf7_unit_tag\" value=\"wpcf7-f626-o1\" \/>\n<input type=\"hidden\" name=\"_wpcf7_container_post\" value=\"0\" \/>\n<input type=\"hidden\" name=\"_wpcf7_posted_data_hash\" value=\"\" \/>\n<\/div>\n<p><label>  Nom et Pr\u00e9nom (obligatoire)<br \/>\n    <span class=\"wpcf7-form-control-wrap your-name\"><input type=\"text\" name=\"your-name\" value=\"\" size=\"40\" class=\"wpcf7-form-control wpcf7-text wpcf7-validates-as-required\" aria-required=\"true\" aria-invalid=\"false\" \/><\/span> <\/label><\/p>\n<p><label> Adresse e-mail  (obligatoire)<br \/>\n    <span class=\"wpcf7-form-control-wrap your-email\"><input type=\"email\" name=\"your-email\" value=\"\" size=\"40\" class=\"wpcf7-form-control wpcf7-text wpcf7-email wpcf7-validates-as-required wpcf7-validates-as-email\" aria-required=\"true\" aria-invalid=\"false\" \/><\/span> <\/label><\/p>\n<p><label> Objet<br \/>\n    <span class=\"wpcf7-form-control-wrap your-subject\"><input type=\"text\" name=\"your-subject\" value=\"\" size=\"40\" class=\"wpcf7-form-control wpcf7-text\" aria-invalid=\"false\" \/><\/span> <\/label><\/p>\n<p><label> Message<br \/>\n    <span class=\"wpcf7-form-control-wrap your-message\"><textarea name=\"your-message\" cols=\"40\" rows=\"10\" class=\"wpcf7-form-control wpcf7-textarea\" aria-invalid=\"false\"><\/textarea><\/span> <\/label><\/p>\n<p>Nous vous informons que les informations que vous fournissez seront trait\u00e9es \u00e9lectroniquement conform\u00e9ment aux principes \u00e9tablis par la l\u00e9gislation en vigueur sur la protection des donn\u00e9es (R\u00e8glement UE n \u00b0 679 de 2016) dans le seul but de fournir les informations demand\u00e9es et \u00e9ventuellement de d\u00e9finir \/ confirmer la r\u00e9servation des chambres et autres services. Les informations compl\u00e8tes sur les m\u00e9thodes et les finalit\u00e9s du traitement effectu\u00e9 sont accessibles via le lien suivant: Privacy Policy.<br \/>\nSi vous souhaitez recevoir \u00e0 l'avenir, \u00e0 l'adresse indiqu\u00e9e par vous, notre lettre d'information \/ des informations p\u00e9riodiques sur nos tarifs et nos offres sp\u00e9ciales, vous devez nous fournir le consentement appropri\u00e9. Toutefois, il peut \u00e0 tout moment r\u00e9voquer son consentement, comme indiqu\u00e9 dans la note d'information.<\/p>\n<p><span class=\"wpcf7-form-control-wrap acceptance-682\"><span class=\"wpcf7-form-control wpcf7-acceptance\"><span class=\"wpcf7-list-item\"><label><input type=\"checkbox\" name=\"acceptance-682\" value=\"1\" aria-invalid=\"false\" \/><span class=\"wpcf7-list-item-label\">Je prends note des informations sur le traitement des donn\u00e9es personnelles (obligatoire)<\/strong><\/span><\/label><\/span><\/span><\/span><br \/>\n<span class=\"wpcf7-form-control-wrap checkbox-863\"><span class=\"wpcf7-form-control wpcf7-checkbox\"><span class=\"wpcf7-list-item first last\"><label><input type=\"checkbox\" name=\"checkbox-863[]\" value=\"J&#039;autorise l&#039;envoi de la newsletter et de la documentation p\u00e9riodique sur les tarifs et les offres faites \u00e0 l&#039;adresse indiqu\u00e9e par moi-m\u00eame\" \/><span class=\"wpcf7-list-item-label\">J&#039;autorise l&#039;envoi de la newsletter et de la documentation p\u00e9riodique sur les tarifs et les offres faites \u00e0 l&#039;adresse indiqu\u00e9e par moi-m\u00eame<\/span><\/label><\/span><\/span><\/span><\/p>\n<p><input type=\"submit\" value=\"Envoyer\" class=\"wpcf7-form-control has-spinner wpcf7-submit\" \/><\/p>\n<input type='hidden' class='wpcf7-pum' value='{\"closepopup\":false,\"closedelay\":0,\"openpopup\":false,\"openpopup_id\":0}' \/><div class=\"wpcf7-response-output\" aria-hidden=\"true\"><\/div><\/form><\/div>[\/vc_column][vc_column width=\u00a0\u00bb1\/3&Prime;][vc_column_text]<\/p>\n<h5>Contacts<\/h5>\n<p><strong>Venice in Love Apartments in San Samuele <\/strong><\/p>\n<p>San Marco, 3361<br \/>\n30124 \u2013 Venise \u2013 Italie<\/p>\n<p><a href=\"tel:+393485458771\"><i class=\"fa fa-phone\"><\/i>\u00a0 +39 348 5458771<\/a><br \/>\n<a href=\"mailto:info@veniceapartmentssansamuele.com\"><i class=\"fa fa-envelope\"><\/i>\u00a0\u00a0\u00a0info@veniceapartmentssansamuele.com<\/a>[\/vc_column_text][\/vc_column][\/vc_row]<\/p>\n","protected":false},"excerpt":{"rendered":"<p>[vc_row row_type=\u00a0\u00bbrow\u00a0\u00bb use_row_as_full_screen_section=\u00a0\u00bbno\u00a0\u00bb type=\u00a0\u00bbfull_width\u00a0\u00bb text_align=\u00a0\u00bbleft\u00a0\u00bb css_animation=\u00a0\u00bb\u00a0\u00bb][vc_column][vc_column_text][\/vc_column_text][\/vc_column][\/vc_row][vc_row row_type=\u00a0\u00bbrow\u00a0\u00bb use_row_as_full_screen_section=\u00a0\u00bbno\u00a0\u00bb type=\u00a0\u00bbgrid\u00a0\u00bb text_align=\u00a0\u00bbleft\u00a0\u00bb padding_top=\u00a0\u00bb45&Prime; padding_bottom=\u00a0\u00bb45&Prime; css_animation=\u00a0\u00bb\u00a0\u00bb][vc_column][vc_column_text] PLAN D&rsquo;ACC\u00c8S [\/vc_column_text][vc_empty_space height=\u00a0\u00bb20px\u00a0\u00bb][vc_empty_space height=\u00a0\u00bb35px\u00a0\u00bb][vc_column_text] EN AVION \u2013 DE L\u2019AEROPORT \u00ab\u00a0MARCO POLO\u00a0\u00bb \u00c0 l&rsquo;a\u00e9roport international \u201cMarco Polo\u201d de Venise, vous trouverez la navette fluviale \u00ab\u00a0Alilaguna\u00a0\u00bb &#8211; ligne Orange (https:\/\/www.alilaguna.it\/fr\/lignes\/linea-arancio)qui vous conduit \u00e0&#8230;<\/p>\n","protected":false},"author":1,"featured_media":0,"parent":0,"menu_order":0,"comment_status":"closed","ping_status":"closed","template":"full_width.php","meta":[],"yoast_head":"<!-- This site is optimized with the Yoast SEO plugin v17.8 - https:\/\/yoast.com\/wordpress\/plugins\/seo\/ -->\n<meta name=\"description\" content=\"PLAN D&#039;ACC\u00c8S EN AVION \u2013 DE L\u2019AEROPORT \u00ab\u00a0MARCO POLO\u00a0\u00bb \u00c0 l&#039;a\u00e9roport international \u201cMarco Polo\u201d de Venise, vous trouverez la navette fluviale &quot;Alilaguna&quot; -\" \/>\n<meta name=\"robots\" content=\"index, follow, max-snippet:-1, max-image-preview:large, max-video-preview:-1\" \/>\n<link rel=\"canonical\" href=\"https:\/\/www.veniceapartmentssansamuele.com\/fr\/contacts\/\" \/>\n<meta property=\"og:locale\" content=\"fr_FR\" \/>\n<meta property=\"og:type\" content=\"article\" \/>\n<meta property=\"og:title\" content=\"Contacts - Venice Apartments San Samuele - Venezia\" \/>\n<meta property=\"og:description\" content=\"PLAN D&#039;ACC\u00c8S EN AVION \u2013 DE L\u2019AEROPORT \u00ab\u00a0MARCO POLO\u00a0\u00bb \u00c0 l&#039;a\u00e9roport international \u201cMarco Polo\u201d de Venise, vous trouverez la navette fluviale &quot;Alilaguna&quot; -\" \/>\n<meta property=\"og:url\" content=\"https:\/\/www.veniceapartmentssansamuele.com\/fr\/contacts\/\" \/>\n<meta property=\"og:site_name\" content=\"Venice Apartments San Samuele - Venezia\" \/>\n<meta property=\"article:modified_time\" content=\"2020-06-29T09:27:39+00:00\" \/>\n<meta name=\"twitter:card\" content=\"summary\" \/>\n<meta name=\"twitter:label1\" content=\"Dur\u00e9e de lecture estim\u00e9e\" \/>\n\t<meta name=\"twitter:data1\" content=\"3 minutes\" \/>\n<script type=\"application\/ld+json\" class=\"yoast-schema-graph\">{\"@context\":\"https:\/\/schema.org\",\"@graph\":[{\"@type\":\"Organization\",\"@id\":\"https:\/\/www.veniceapartmentssansamuele.com\/#organization\",\"name\":\"Venice Apartments San Samuele - Venezia\",\"url\":\"https:\/\/www.veniceapartmentssansamuele.com\/\",\"sameAs\":[],\"logo\":{\"@type\":\"ImageObject\",\"@id\":\"https:\/\/www.veniceapartmentssansamuele.com\/#logo\",\"inLanguage\":\"fr-FR\",\"url\":\"https:\/\/www.veniceapartmentssansamuele.com\/wp-content\/uploads\/2017\/03\/logo-vass3.png\",\"contentUrl\":\"https:\/\/www.veniceapartmentssansamuele.com\/wp-content\/uploads\/2017\/03\/logo-vass3.png\",\"width\":281,\"height\":77,\"caption\":\"Venice Apartments San Samuele - Venezia\"},\"image\":{\"@id\":\"https:\/\/www.veniceapartmentssansamuele.com\/#logo\"}},{\"@type\":\"WebSite\",\"@id\":\"https:\/\/www.veniceapartmentssansamuele.com\/#website\",\"url\":\"https:\/\/www.veniceapartmentssansamuele.com\/\",\"name\":\"Venice Apartments San Samuele - Venezia\",\"description\":\"\",\"publisher\":{\"@id\":\"https:\/\/www.veniceapartmentssansamuele.com\/#organization\"},\"potentialAction\":[{\"@type\":\"SearchAction\",\"target\":{\"@type\":\"EntryPoint\",\"urlTemplate\":\"https:\/\/www.veniceapartmentssansamuele.com\/?s={search_term_string}\"},\"query-input\":\"required name=search_term_string\"}],\"inLanguage\":\"fr-FR\"},{\"@type\":\"WebPage\",\"@id\":\"https:\/\/www.veniceapartmentssansamuele.com\/fr\/contacts\/#webpage\",\"url\":\"https:\/\/www.veniceapartmentssansamuele.com\/fr\/contacts\/\",\"name\":\"Contacts - Venice Apartments San Samuele - Venezia\",\"isPartOf\":{\"@id\":\"https:\/\/www.veniceapartmentssansamuele.com\/#website\"},\"datePublished\":\"2019-08-28T17:19:43+00:00\",\"dateModified\":\"2020-06-29T09:27:39+00:00\",\"description\":\"PLAN D'ACC\\u00c8S EN AVION \\u2013 DE L\\u2019AEROPORT \\u00ab\\u00a0MARCO POLO\\u00a0\\u00bb \\u00c0 l'a\\u00e9roport international \\u201cMarco Polo\\u201d de Venise, vous trouverez la navette fluviale \\\"Alilaguna\\\" -\",\"breadcrumb\":{\"@id\":\"https:\/\/www.veniceapartmentssansamuele.com\/fr\/contacts\/#breadcrumb\"},\"inLanguage\":\"fr-FR\",\"potentialAction\":[{\"@type\":\"ReadAction\",\"target\":[\"https:\/\/www.veniceapartmentssansamuele.com\/fr\/contacts\/\"]}]},{\"@type\":\"BreadcrumbList\",\"@id\":\"https:\/\/www.veniceapartmentssansamuele.com\/fr\/contacts\/#breadcrumb\",\"itemListElement\":[{\"@type\":\"ListItem\",\"position\":1,\"name\":\"Home\",\"item\":\"https:\/\/www.veniceapartmentssansamuele.com\/fr\/\"},{\"@type\":\"ListItem\",\"position\":2,\"name\":\"Contacts\"}]}]}<\/script>\n<!-- \/ Yoast SEO plugin. -->","yoast_head_json":{"description":"PLAN D'ACC\u00c8S EN AVION \u2013 DE L\u2019AEROPORT \u00ab\u00a0MARCO POLO\u00a0\u00bb \u00c0 l'a\u00e9roport international \u201cMarco Polo\u201d de Venise, vous trouverez la navette fluviale \"Alilaguna\" -","robots":{"index":"index","follow":"follow","max-snippet":"max-snippet:-1","max-image-preview":"max-image-preview:large","max-video-preview":"max-video-preview:-1"},"canonical":"https:\/\/www.veniceapartmentssansamuele.com\/fr\/contacts\/","og_locale":"fr_FR","og_type":"article","og_title":"Contacts - Venice Apartments San Samuele - Venezia","og_description":"PLAN D'ACC\u00c8S EN AVION \u2013 DE L\u2019AEROPORT \u00ab\u00a0MARCO POLO\u00a0\u00bb \u00c0 l'a\u00e9roport international \u201cMarco Polo\u201d de Venise, vous trouverez la navette fluviale \"Alilaguna\" -","og_url":"https:\/\/www.veniceapartmentssansamuele.com\/fr\/contacts\/","og_site_name":"Venice Apartments San Samuele - Venezia","article_modified_time":"2020-06-29T09:27:39+00:00","twitter_card":"summary","twitter_misc":{"Dur\u00e9e de lecture estim\u00e9e":"3 minutes"},"schema":{"@context":"https:\/\/schema.org","@graph":[{"@type":"Organization","@id":"https:\/\/www.veniceapartmentssansamuele.com\/#organization","name":"Venice Apartments San Samuele - Venezia","url":"https:\/\/www.veniceapartmentssansamuele.com\/","sameAs":[],"logo":{"@type":"ImageObject","@id":"https:\/\/www.veniceapartmentssansamuele.com\/#logo","inLanguage":"fr-FR","url":"https:\/\/www.veniceapartmentssansamuele.com\/wp-content\/uploads\/2017\/03\/logo-vass3.png","contentUrl":"https:\/\/www.veniceapartmentssansamuele.com\/wp-content\/uploads\/2017\/03\/logo-vass3.png","width":281,"height":77,"caption":"Venice Apartments San Samuele - Venezia"},"image":{"@id":"https:\/\/www.veniceapartmentssansamuele.com\/#logo"}},{"@type":"WebSite","@id":"https:\/\/www.veniceapartmentssansamuele.com\/#website","url":"https:\/\/www.veniceapartmentssansamuele.com\/","name":"Venice Apartments San Samuele - Venezia","description":"","publisher":{"@id":"https:\/\/www.veniceapartmentssansamuele.com\/#organization"},"potentialAction":[{"@type":"SearchAction","target":{"@type":"EntryPoint","urlTemplate":"https:\/\/www.veniceapartmentssansamuele.com\/?s={search_term_string}"},"query-input":"required name=search_term_string"}],"inLanguage":"fr-FR"},{"@type":"WebPage","@id":"https:\/\/www.veniceapartmentssansamuele.com\/fr\/contacts\/#webpage","url":"https:\/\/www.veniceapartmentssansamuele.com\/fr\/contacts\/","name":"Contacts - Venice Apartments San Samuele - Venezia","isPartOf":{"@id":"https:\/\/www.veniceapartmentssansamuele.com\/#website"},"datePublished":"2019-08-28T17:19:43+00:00","dateModified":"2020-06-29T09:27:39+00:00","description":"PLAN D'ACC\u00c8S EN AVION \u2013 DE L\u2019AEROPORT \u00ab\u00a0MARCO POLO\u00a0\u00bb \u00c0 l'a\u00e9roport international \u201cMarco Polo\u201d de Venise, vous trouverez la navette fluviale \"Alilaguna\" -","breadcrumb":{"@id":"https:\/\/www.veniceapartmentssansamuele.com\/fr\/contacts\/#breadcrumb"},"inLanguage":"fr-FR","potentialAction":[{"@type":"ReadAction","target":["https:\/\/www.veniceapartmentssansamuele.com\/fr\/contacts\/"]}]},{"@type":"BreadcrumbList","@id":"https:\/\/www.veniceapartmentssansamuele.com\/fr\/contacts\/#breadcrumb","itemListElement":[{"@type":"ListItem","position":1,"name":"Home","item":"https:\/\/www.veniceapartmentssansamuele.com\/fr\/"},{"@type":"ListItem","position":2,"name":"Contacts"}]}]}},"_links":{"self":[{"href":"https:\/\/www.veniceapartmentssansamuele.com\/fr\/wp-json\/wp\/v2\/pages\/618"}],"collection":[{"href":"https:\/\/www.veniceapartmentssansamuele.com\/fr\/wp-json\/wp\/v2\/pages"}],"about":[{"href":"https:\/\/www.veniceapartmentssansamuele.com\/fr\/wp-json\/wp\/v2\/types\/page"}],"author":[{"embeddable":true,"href":"https:\/\/www.veniceapartmentssansamuele.com\/fr\/wp-json\/wp\/v2\/users\/1"}],"replies":[{"embeddable":true,"href":"https:\/\/www.veniceapartmentssansamuele.com\/fr\/wp-json\/wp\/v2\/comments?post=618"}],"version-history":[{"count":10,"href":"https:\/\/www.veniceapartmentssansamuele.com\/fr\/wp-json\/wp\/v2\/pages\/618\/revisions"}],"predecessor-version":[{"id":733,"href":"https:\/\/www.veniceapartmentssansamuele.com\/fr\/wp-json\/wp\/v2\/pages\/618\/revisions\/733"}],"wp:attachment":[{"href":"https:\/\/www.veniceapartmentssansamuele.com\/fr\/wp-json\/wp\/v2\/media?parent=618"}],"curies":[{"name":"wp","href":"https:\/\/api.w.org\/{rel}","templated":true}]}}