{"id":605,"date":"2019-08-28T19:04:15","date_gmt":"2019-08-28T17:04:15","guid":{"rendered":"https:\/\/www.veniceapartmentssansamuele.com\/home\/"},"modified":"2024-09-02T17:19:16","modified_gmt":"2024-09-02T15:19:16","slug":"home","status":"publish","type":"page","link":"https:\/\/www.veniceapartmentssansamuele.com\/fr\/","title":{"rendered":"Home"},"content":{"rendered":"<p>[vc_row row_type=\u00a0\u00bbrow\u00a0\u00bb use_row_as_full_screen_section=\u00a0\u00bbno\u00a0\u00bb type=\u00a0\u00bbfull_width\u00a0\u00bb text_align=\u00a0\u00bbleft\u00a0\u00bb css_animation=\u00a0\u00bb\u00a0\u00bb][vc_column][layerslider_vc id=\u00a0\u00bb5&Prime;][\/vc_column][\/vc_row][vc_row row_type=\u00a0\u00bbrow\u00a0\u00bb use_row_as_full_screen_section=\u00a0\u00bbno\u00a0\u00bb type=\u00a0\u00bbfull_width\u00a0\u00bb text_align=\u00a0\u00bbleft\u00a0\u00bb css_animation=\u00a0\u00bb\u00a0\u00bb][vc_column][qode_elements_holder background_color=\u00a0\u00bb#b7e4d8&Prime; number_of_columns=\u00a0\u00bbtwo_columns\u00a0\u00bb][qode_elements_holder_item item_padding=\u00a0\u00bb30px 30px 30px 30px\u00a0\u00bb vertical_alignment=\u00a0\u00bbmiddle\u00a0\u00bb][vc_column_text]<\/p>\n<h3>NOTRE HISTOIRE<\/h3>\n<p>Consuelo et Irene, respectivement m\u00e8re et fille, sont deux v\u00e9nitiennes \u00ab AOC \u00bb, amoureuses de leur ville extraordinaire, qui aiment la vivre intens\u00e9ment. Elles sont donc heureuses de vous offrir une exp\u00e9rience unique dans leurs appartements situ\u00e9s dans le quartier central de San Samuele, tout pr\u00e8s du Palais Grassi : un vrai havre de paix au c\u0153ur de la plus belle ville du monde. En conciliant savamment tradition et modernit\u00e9, les appartements de Venice in love vous feront d\u00e9couvrir le silence d\u2019une nuit v\u00e9nitienne ou l\u2019effervescence d\u2019une journ\u00e9e ensoleill\u00e9e dans les ruelles de la ville. Vous pourrez profiter des terrasses de l\u2019appartement en attique, pour un ap\u00e9ritif ou une halte romantique au coucher du soleil, avec une superbe vue sur les toits du vieux Venise. Ou encore de la paix d\u2019une cour priv\u00e9e en habitant l\u2019appartement au rez-de-chauss\u00e9e. N\u2019oubliez pas de profiter aussi des petits c\u00e2lins que ces deux dames v\u00e9nitiennes sont pr\u00eates \u00e0 vous offrir pour vous \u00e9tonner. Des vacances de r\u00eave, tout simplement.[\/vc_column_text][vc_empty_space height=\u00a0\u00bb15px\u00a0\u00bb]<a href=\"https:\/\/www.veniceapartmentssansamuele.com\/contatti\" target=\"_self\"  class=\"qbutton  big_large\" style=\"\">CONTACTEZ-NOUS<\/a>[\/qode_elements_holder_item][qode_elements_holder_item vertical_alignment=\u00a0\u00bbmiddle\u00a0\u00bb][vc_single_image image=\u00a0\u00bb636&Prime; img_size=\u00a0\u00bb1000&#215;800&Prime; qode_css_animation=\u00a0\u00bb\u00a0\u00bb][\/qode_elements_holder_item][\/qode_elements_holder][\/vc_column][\/vc_row][vc_row row_type=\u00a0\u00bbrow\u00a0\u00bb use_row_as_full_screen_section=\u00a0\u00bbno\u00a0\u00bb type=\u00a0\u00bbfull_width\u00a0\u00bb text_align=\u00a0\u00bbleft\u00a0\u00bb css_animation=\u00a0\u00bb\u00a0\u00bb el_class=\u00a0\u00bbcontainer-flex\u00a0\u00bb el_id=\u00a0\u00bbcontainer-flex\u00a0\u00bb][vc_column][qode_elements_holder background_color=\u00a0\u00bb#b7e4d8&Prime; number_of_columns=\u00a0\u00bbtwo_columns\u00a0\u00bb alignment_one_column=\u00a0\u00bbleft\u00a0\u00bb][qode_elements_holder_item vertical_alignment=\u00a0\u00bbmiddle\u00a0\u00bb][vc_gallery interval=\u00a0\u00bb3&Prime; images=\u00a0\u00bb520,538,537,536,535,534,533,532,531,530,529,528,527,526,525,524,523,522,521&Prime; img_size=\u00a0\u00bb1000&#215;800&Prime;][\/qode_elements_holder_item][qode_elements_holder_item item_padding=\u00a0\u00bb30px 30px 30px 30px\u00a0\u00bb vertical_alignment=\u00a0\u00bbmiddle\u00a0\u00bb][vc_column_text]<\/p>\n<h3>APPARTEMENT \u00ab LES TERRASSES \u00bb<\/h3>\n<p>Une solution offrant tous les conforts possibles, mais surtout trois magnifiques terrasses priv\u00e9es pour profiter de l\u2019un des c\u00e9l\u00e8bres couchers ou levers de soleil de Venise. C\u2019est un duplex qui s\u2019\u00e9tend sur deux \u00e9tages r\u00e9unis par un \u00e9l\u00e9gant escalier int\u00e9rieur. Une chambre double avec terrasse et un canap\u00e9 convertible \u00e0 deux places suppl\u00e9mentaires. Situ\u00e9 \u00e0 deux pas de la place Saint-Marc, cet appartement vous offre une vue sensationnelle. Bien \u00e9clair\u00e9 et silencieux, \u00e9quip\u00e9 de climatisation et wifi.<\/p>\n<p><em>CIN: IT027042B4Z4F8Z4EM<\/em>[\/vc_column_text][vc_empty_space height=\u00a0\u00bb15px\u00a0\u00bb]<a href=\"javascript:openbe2('sansamuele', 1)\" target=\"_self\"  class=\"qbutton  big_large\" style=\"\">RESERVE<\/a>[\/qode_elements_holder_item][\/qode_elements_holder][\/vc_column][\/vc_row][vc_row row_type=\u00a0\u00bbrow\u00a0\u00bb use_row_as_full_screen_section=\u00a0\u00bbno\u00a0\u00bb type=\u00a0\u00bbfull_width\u00a0\u00bb text_align=\u00a0\u00bbleft\u00a0\u00bb css_animation=\u00a0\u00bb\u00a0\u00bb][vc_column][qode_elements_holder background_color=\u00a0\u00bb#b7e4d8&Prime; number_of_columns=\u00a0\u00bbtwo_columns\u00a0\u00bb][qode_elements_holder_item item_padding=\u00a0\u00bb30px 30px 30px 30px\u00a0\u00bb vertical_alignment=\u00a0\u00bbmiddle\u00a0\u00bb][vc_column_text]<\/p>\n<h3>APPARTEMENT \u00ab BLEU \u00bb<\/h3>\n<p>Au deuxi\u00e8me \u00e9tage de l\u2019immeuble de San Samuele, l\u2019appartement bleu offre une solution id\u00e9ale jusqu\u2019\u00e0 six personnes, avec ses deux chambres, dont une double au lit bleu somptueux, une autre avec deux lits s\u00e9par\u00e9s et enfin un canap\u00e9-lit \u00e0 deux places. Bien \u00e9clair\u00e9 et silencieux, avec une superbe vue sur les vieux immeubles de Venise entour\u00e9s d\u2019espaces verts. Climatisation et wifi.<\/p>\n<p><em>CIN: IT027042B4R2FFXT9F<\/em>[\/vc_column_text][vc_empty_space height=\u00a0\u00bb15px\u00a0\u00bb]<a href=\"javascript:openbe2('sansamuele', 1)\" target=\"_self\"  class=\"qbutton  big_large\" style=\"\">RESERVE<\/a>[\/qode_elements_holder_item][qode_elements_holder_item vertical_alignment=\u00a0\u00bbmiddle\u00a0\u00bb][vc_gallery interval=\u00a0\u00bb3&Prime; images=\u00a0\u00bb493,498,497,496,495,494&Prime; img_size=\u00a0\u00bb1000&#215;800&Prime;][\/qode_elements_holder_item][\/qode_elements_holder][\/vc_column][\/vc_row][vc_row row_type=\u00a0\u00bbrow\u00a0\u00bb use_row_as_full_screen_section=\u00a0\u00bbno\u00a0\u00bb type=\u00a0\u00bbfull_width\u00a0\u00bb text_align=\u00a0\u00bbleft\u00a0\u00bb css_animation=\u00a0\u00bb\u00a0\u00bb el_class=\u00a0\u00bbcontainer-flex\u00a0\u00bb][vc_column][qode_elements_holder background_color=\u00a0\u00bb#b7e4d8&Prime; number_of_columns=\u00a0\u00bbtwo_columns\u00a0\u00bb alignment_one_column=\u00a0\u00bbleft\u00a0\u00bb][qode_elements_holder_item vertical_alignment=\u00a0\u00bbmiddle\u00a0\u00bb][vc_gallery interval=\u00a0\u00bb3&Prime; images=\u00a0\u00bb509,519,518,517,516,515,514,513,512,511,510&Prime; img_size=\u00a0\u00bb1000&#215;800&Prime;][\/qode_elements_holder_item][qode_elements_holder_item item_padding=\u00a0\u00bb30px 30px 30px 30px\u00a0\u00bb vertical_alignment=\u00a0\u00bbmiddle\u00a0\u00bb][vc_column_text]<\/p>\n<h3>APPARTEMENT \u00ab ROUGE \u00bb<\/h3>\n<p>Situ\u00e9 au premier \u00e9tage, l\u2019appartement rouge est compos\u00e9 de deux chambres, dont une double et l\u2019autre \u00e0 deux lits s\u00e9par\u00e9s, un living avec canap\u00e9 convertible \u00e0 deux, cuisine et salle de bains. Id\u00e9al pour 4, il peut accueillir jusqu\u2019\u00e0 6 personnes. Bien \u00e9clair\u00e9 et silencieux, il donne sur un merveilleux jardin v\u00e9nitien du quartier San Samuele. \u00c9quip\u00e9 d\u2019air climatis\u00e9 et de wifi, il offre tous les conforts pour un s\u00e9jour au c\u0153ur de la ville touristique.<\/p>\n<p><em>CIN: IT027042B465KI327C<\/em>[\/vc_column_text][vc_empty_space height=\u00a0\u00bb15px\u00a0\u00bb]<a href=\"javascript:openbe2('sansamuele', 1)\" target=\"_self\"  class=\"qbutton  big_large\" style=\"\">RESERVE<\/a>[\/qode_elements_holder_item][\/qode_elements_holder][\/vc_column][\/vc_row][vc_row row_type=\u00a0\u00bbrow\u00a0\u00bb use_row_as_full_screen_section=\u00a0\u00bbno\u00a0\u00bb type=\u00a0\u00bbfull_width\u00a0\u00bb text_align=\u00a0\u00bbleft\u00a0\u00bb css_animation=\u00a0\u00bb\u00a0\u00bb][vc_column][qode_elements_holder background_color=\u00a0\u00bb#b7e4d8&Prime; number_of_columns=\u00a0\u00bbtwo_columns\u00a0\u00bb][qode_elements_holder_item item_padding=\u00a0\u00bb30px 30px 30px 30px\u00a0\u00bb vertical_alignment=\u00a0\u00bbmiddle\u00a0\u00bb][vc_column_text]<\/p>\n<h3>APPARTEMENT \u00ab LA COUR \u00bb<\/h3>\n<p>Situ\u00e9 au rez-de-chauss\u00e9e, ce d\u00e9licieux appartement pour deux ou quatre personnes dispose d\u2019une cour priv\u00e9e meubl\u00e9e et \u00e9quip\u00e9e pour s\u2019offrir la meilleure d\u00e9tente apr\u00e8s avoir fait le tour de la ville. Une chambre double et un canap\u00e9 convertible \u00e0 deux places suppl\u00e9mentaires sont le gage d\u2019un s\u00e9jour exclusif et inoubliable. Climatisation et wifi.<\/p>\n<p><em>CIN: IT027042B43WC2I8LZ<\/em>[\/vc_column_text][vc_empty_space height=\u00a0\u00bb15px\u00a0\u00bb]<a href=\"javascript:openbe2('sansamuele', 1)\" target=\"_self\"  class=\"qbutton  big_large\" style=\"\">RESERVE<\/a>[\/qode_elements_holder_item][qode_elements_holder_item vertical_alignment=\u00a0\u00bbmiddle\u00a0\u00bb][vc_gallery interval=\u00a0\u00bb3&Prime; images=\u00a0\u00bb499,508,507,506,505,504,503,573,572,571,502,501,500&Prime; img_size=\u00a0\u00bb1000&#215;800&Prime;][\/qode_elements_holder_item][\/qode_elements_holder][\/vc_column][\/vc_row][vc_row row_type=\u00a0\u00bbrow\u00a0\u00bb use_row_as_full_screen_section=\u00a0\u00bbno\u00a0\u00bb type=\u00a0\u00bbfull_width\u00a0\u00bb text_align=\u00a0\u00bbleft\u00a0\u00bb background_color=\u00a0\u00bb#ededed\u00a0\u00bb side_padding=\u00a0\u00bb20&Prime; padding_top=\u00a0\u00bb50&Prime; padding_bottom=\u00a0\u00bb50&Prime; css_animation=\u00a0\u00bb\u00a0\u00bb][vc_column][vc_column_text]<\/p>\n<h3 style=\"text-align: center;\"><strong>Ils disent de nous<\/strong><\/h3>\n<p>[\/vc_column_text][vc_empty_space height=\u00a0\u00bb25px\u00a0\u00bb][vc_row_inner row_type=\u00a0\u00bbrow\u00a0\u00bb type=\u00a0\u00bbfull_width\u00a0\u00bb use_row_as_full_screen_section_slide=\u00a0\u00bbno\u00a0\u00bb text_align=\u00a0\u00bbleft\u00a0\u00bb css_animation=\u00a0\u00bb\u00a0\u00bb][vc_column_inner width=\u00a0\u00bb1\/3&Prime;][vc_column_text]<\/p>\n<p style=\"text-align: center;\">\u201cI have been coming to Venice every year for over 10 years. This was one of the best places I have stayed. Irene is a great host, very kind and helpful. The apartment is very clean, comfortable and in a great location.\u201d<\/p>\n<p style=\"text-align: right;\"><em>Peter<\/em><\/p>\n<p>[\/vc_column_text][\/vc_column_inner][vc_column_inner width=\u00a0\u00bb1\/3&Prime;][vc_column_text]<\/p>\n<p style=\"text-align: center;\">\u201cAmo Venezia e adoro poterla godere in pace come in un tuffo nel tempo passato. Con tutti i confort di cui non potrei fare a meno.\u201d<\/p>\n<p style=\"text-align: right;\"><em>Barbara<\/em><\/p>\n<p>[\/vc_column_text][\/vc_column_inner][vc_column_inner width=\u00a0\u00bb1\/3&Prime;][vc_column_text]<\/p>\n<p style=\"text-align: center;\">\u201cHe descubieto con placer estos bellisimos apartamentos y he sido muy feliz de ser huesped de Consuelo e Irene. Gracias.\u201d<\/p>\n<p style=\"text-align: right;\"><em>Victoria<\/em><\/p>\n<p>[\/vc_column_text][\/vc_column_inner][\/vc_row_inner][\/vc_column][\/vc_row]<\/p>\n","protected":false},"excerpt":{"rendered":"<p>[vc_row row_type=\u00a0\u00bbrow\u00a0\u00bb use_row_as_full_screen_section=\u00a0\u00bbno\u00a0\u00bb type=\u00a0\u00bbfull_width\u00a0\u00bb text_align=\u00a0\u00bbleft\u00a0\u00bb css_animation=\u00a0\u00bb\u00a0\u00bb][vc_column][layerslider_vc id=\u00a0\u00bb5&Prime;][\/vc_column][\/vc_row][vc_row row_type=\u00a0\u00bbrow\u00a0\u00bb use_row_as_full_screen_section=\u00a0\u00bbno\u00a0\u00bb type=\u00a0\u00bbfull_width\u00a0\u00bb text_align=\u00a0\u00bbleft\u00a0\u00bb css_animation=\u00a0\u00bb\u00a0\u00bb][vc_column][qode_elements_holder background_color=\u00a0\u00bb#b7e4d8&Prime; number_of_columns=\u00a0\u00bbtwo_columns\u00a0\u00bb][qode_elements_holder_item item_padding=\u00a0\u00bb30px 30px 30px 30px\u00a0\u00bb vertical_alignment=\u00a0\u00bbmiddle\u00a0\u00bb][vc_column_text] NOTRE HISTOIRE Consuelo et Irene, respectivement m\u00e8re et fille, sont deux v\u00e9nitiennes \u00ab AOC \u00bb, amoureuses de leur ville extraordinaire, qui aiment la vivre intens\u00e9ment. Elles&#8230;<\/p>\n","protected":false},"author":1,"featured_media":0,"parent":0,"menu_order":0,"comment_status":"closed","ping_status":"closed","template":"full_width.php","meta":[],"yoast_head":"<!-- This site is optimized with the Yoast SEO plugin v17.8 - https:\/\/yoast.com\/wordpress\/plugins\/seo\/ -->\n<meta name=\"description\" content=\"Le Venice Apartments San Samuele situ\u00e9 au c\u0153ur de Venise, \u00e0 seulement 10 minutes \u00e0 pied de San Marco, dans le quartier calme et \u00e9l\u00e9gant de San Samuele, \u00e0 quelques pas du parc des expositions Palazzo Grassi et de Campo Santo Stefano, propose un h\u00e9bergement confortable avec \u00e9cran de t\u00e9l\u00e9vision et wifi gratuit.\" \/>\n<meta name=\"robots\" content=\"index, follow, max-snippet:-1, max-image-preview:large, max-video-preview:-1\" \/>\n<link rel=\"canonical\" href=\"https:\/\/www.veniceapartmentssansamuele.com\/fr\/\" \/>\n<meta property=\"og:locale\" content=\"fr_FR\" \/>\n<meta property=\"og:type\" content=\"article\" \/>\n<meta property=\"og:title\" content=\"Venice Apartments San Samuele - Venise - Site Officiel\" \/>\n<meta property=\"og:description\" content=\"Le Venice Apartments San Samuele situ\u00e9 au c\u0153ur de Venise, \u00e0 seulement 10 minutes \u00e0 pied de San Marco, dans le quartier calme et \u00e9l\u00e9gant de San Samuele, \u00e0 quelques pas du parc des expositions Palazzo Grassi et de Campo Santo Stefano, propose un h\u00e9bergement confortable avec \u00e9cran de t\u00e9l\u00e9vision et wifi gratuit.\" \/>\n<meta property=\"og:url\" content=\"https:\/\/www.veniceapartmentssansamuele.com\/fr\/\" \/>\n<meta property=\"og:site_name\" content=\"Venice Apartments San Samuele - Venezia\" \/>\n<meta property=\"article:modified_time\" content=\"2024-09-02T15:19:16+00:00\" \/>\n<meta name=\"twitter:card\" content=\"summary\" \/>\n<meta name=\"twitter:label1\" content=\"Dur\u00e9e de lecture estim\u00e9e\" \/>\n\t<meta name=\"twitter:data1\" content=\"6 minutes\" \/>\n<script type=\"application\/ld+json\" class=\"yoast-schema-graph\">{\"@context\":\"https:\/\/schema.org\",\"@graph\":[{\"@type\":\"Organization\",\"@id\":\"https:\/\/www.veniceapartmentssansamuele.com\/#organization\",\"name\":\"Venice Apartments San Samuele - Venezia\",\"url\":\"https:\/\/www.veniceapartmentssansamuele.com\/\",\"sameAs\":[],\"logo\":{\"@type\":\"ImageObject\",\"@id\":\"https:\/\/www.veniceapartmentssansamuele.com\/#logo\",\"inLanguage\":\"fr-FR\",\"url\":\"https:\/\/www.veniceapartmentssansamuele.com\/wp-content\/uploads\/2017\/03\/logo-vass3.png\",\"contentUrl\":\"https:\/\/www.veniceapartmentssansamuele.com\/wp-content\/uploads\/2017\/03\/logo-vass3.png\",\"width\":281,\"height\":77,\"caption\":\"Venice Apartments San Samuele - Venezia\"},\"image\":{\"@id\":\"https:\/\/www.veniceapartmentssansamuele.com\/#logo\"}},{\"@type\":\"WebSite\",\"@id\":\"https:\/\/www.veniceapartmentssansamuele.com\/#website\",\"url\":\"https:\/\/www.veniceapartmentssansamuele.com\/\",\"name\":\"Venice Apartments San Samuele - Venezia\",\"description\":\"\",\"publisher\":{\"@id\":\"https:\/\/www.veniceapartmentssansamuele.com\/#organization\"},\"potentialAction\":[{\"@type\":\"SearchAction\",\"target\":{\"@type\":\"EntryPoint\",\"urlTemplate\":\"https:\/\/www.veniceapartmentssansamuele.com\/?s={search_term_string}\"},\"query-input\":\"required name=search_term_string\"}],\"inLanguage\":\"fr-FR\"},{\"@type\":\"WebPage\",\"@id\":\"https:\/\/www.veniceapartmentssansamuele.com\/fr\/#webpage\",\"url\":\"https:\/\/www.veniceapartmentssansamuele.com\/fr\/\",\"name\":\"Venice Apartments San Samuele - Venise - Site Officiel\",\"isPartOf\":{\"@id\":\"https:\/\/www.veniceapartmentssansamuele.com\/#website\"},\"datePublished\":\"2019-08-28T17:04:15+00:00\",\"dateModified\":\"2024-09-02T15:19:16+00:00\",\"description\":\"Le Venice Apartments San Samuele situ\\u00e9 au c\\u0153ur de Venise, \\u00e0 seulement 10 minutes \\u00e0 pied de San Marco, dans le quartier calme et \\u00e9l\\u00e9gant de San Samuele, \\u00e0 quelques pas du parc des expositions Palazzo Grassi et de Campo Santo Stefano, propose un h\\u00e9bergement confortable avec \\u00e9cran de t\\u00e9l\\u00e9vision et wifi gratuit.\",\"breadcrumb\":{\"@id\":\"https:\/\/www.veniceapartmentssansamuele.com\/fr\/#breadcrumb\"},\"inLanguage\":\"fr-FR\",\"potentialAction\":[{\"@type\":\"ReadAction\",\"target\":[\"https:\/\/www.veniceapartmentssansamuele.com\/fr\/\"]}]},{\"@type\":\"BreadcrumbList\",\"@id\":\"https:\/\/www.veniceapartmentssansamuele.com\/fr\/#breadcrumb\",\"itemListElement\":[{\"@type\":\"ListItem\",\"position\":1,\"name\":\"Home\",\"item\":\"https:\/\/www.veniceapartmentssansamuele.com\/fr\/\"},{\"@type\":\"ListItem\",\"position\":2,\"name\":\"Home\"}]}]}<\/script>\n<!-- \/ Yoast SEO plugin. -->","yoast_head_json":{"description":"Le Venice Apartments San Samuele situ\u00e9 au c\u0153ur de Venise, \u00e0 seulement 10 minutes \u00e0 pied de San Marco, dans le quartier calme et \u00e9l\u00e9gant de San Samuele, \u00e0 quelques pas du parc des expositions Palazzo Grassi et de Campo Santo Stefano, propose un h\u00e9bergement confortable avec \u00e9cran de t\u00e9l\u00e9vision et wifi gratuit.","robots":{"index":"index","follow":"follow","max-snippet":"max-snippet:-1","max-image-preview":"max-image-preview:large","max-video-preview":"max-video-preview:-1"},"canonical":"https:\/\/www.veniceapartmentssansamuele.com\/fr\/","og_locale":"fr_FR","og_type":"article","og_title":"Venice Apartments San Samuele - Venise - Site Officiel","og_description":"Le Venice Apartments San Samuele situ\u00e9 au c\u0153ur de Venise, \u00e0 seulement 10 minutes \u00e0 pied de San Marco, dans le quartier calme et \u00e9l\u00e9gant de San Samuele, \u00e0 quelques pas du parc des expositions Palazzo Grassi et de Campo Santo Stefano, propose un h\u00e9bergement confortable avec \u00e9cran de t\u00e9l\u00e9vision et wifi gratuit.","og_url":"https:\/\/www.veniceapartmentssansamuele.com\/fr\/","og_site_name":"Venice Apartments San Samuele - Venezia","article_modified_time":"2024-09-02T15:19:16+00:00","twitter_card":"summary","twitter_misc":{"Dur\u00e9e de lecture estim\u00e9e":"6 minutes"},"schema":{"@context":"https:\/\/schema.org","@graph":[{"@type":"Organization","@id":"https:\/\/www.veniceapartmentssansamuele.com\/#organization","name":"Venice Apartments San Samuele - Venezia","url":"https:\/\/www.veniceapartmentssansamuele.com\/","sameAs":[],"logo":{"@type":"ImageObject","@id":"https:\/\/www.veniceapartmentssansamuele.com\/#logo","inLanguage":"fr-FR","url":"https:\/\/www.veniceapartmentssansamuele.com\/wp-content\/uploads\/2017\/03\/logo-vass3.png","contentUrl":"https:\/\/www.veniceapartmentssansamuele.com\/wp-content\/uploads\/2017\/03\/logo-vass3.png","width":281,"height":77,"caption":"Venice Apartments San Samuele - Venezia"},"image":{"@id":"https:\/\/www.veniceapartmentssansamuele.com\/#logo"}},{"@type":"WebSite","@id":"https:\/\/www.veniceapartmentssansamuele.com\/#website","url":"https:\/\/www.veniceapartmentssansamuele.com\/","name":"Venice Apartments San Samuele - Venezia","description":"","publisher":{"@id":"https:\/\/www.veniceapartmentssansamuele.com\/#organization"},"potentialAction":[{"@type":"SearchAction","target":{"@type":"EntryPoint","urlTemplate":"https:\/\/www.veniceapartmentssansamuele.com\/?s={search_term_string}"},"query-input":"required name=search_term_string"}],"inLanguage":"fr-FR"},{"@type":"WebPage","@id":"https:\/\/www.veniceapartmentssansamuele.com\/fr\/#webpage","url":"https:\/\/www.veniceapartmentssansamuele.com\/fr\/","name":"Venice Apartments San Samuele - Venise - Site Officiel","isPartOf":{"@id":"https:\/\/www.veniceapartmentssansamuele.com\/#website"},"datePublished":"2019-08-28T17:04:15+00:00","dateModified":"2024-09-02T15:19:16+00:00","description":"Le Venice Apartments San Samuele situ\u00e9 au c\u0153ur de Venise, \u00e0 seulement 10 minutes \u00e0 pied de San Marco, dans le quartier calme et \u00e9l\u00e9gant de San Samuele, \u00e0 quelques pas du parc des expositions Palazzo Grassi et de Campo Santo Stefano, propose un h\u00e9bergement confortable avec \u00e9cran de t\u00e9l\u00e9vision et wifi gratuit.","breadcrumb":{"@id":"https:\/\/www.veniceapartmentssansamuele.com\/fr\/#breadcrumb"},"inLanguage":"fr-FR","potentialAction":[{"@type":"ReadAction","target":["https:\/\/www.veniceapartmentssansamuele.com\/fr\/"]}]},{"@type":"BreadcrumbList","@id":"https:\/\/www.veniceapartmentssansamuele.com\/fr\/#breadcrumb","itemListElement":[{"@type":"ListItem","position":1,"name":"Home","item":"https:\/\/www.veniceapartmentssansamuele.com\/fr\/"},{"@type":"ListItem","position":2,"name":"Home"}]}]}},"_links":{"self":[{"href":"https:\/\/www.veniceapartmentssansamuele.com\/fr\/wp-json\/wp\/v2\/pages\/605"}],"collection":[{"href":"https:\/\/www.veniceapartmentssansamuele.com\/fr\/wp-json\/wp\/v2\/pages"}],"about":[{"href":"https:\/\/www.veniceapartmentssansamuele.com\/fr\/wp-json\/wp\/v2\/types\/page"}],"author":[{"embeddable":true,"href":"https:\/\/www.veniceapartmentssansamuele.com\/fr\/wp-json\/wp\/v2\/users\/1"}],"replies":[{"embeddable":true,"href":"https:\/\/www.veniceapartmentssansamuele.com\/fr\/wp-json\/wp\/v2\/comments?post=605"}],"version-history":[{"count":16,"href":"https:\/\/www.veniceapartmentssansamuele.com\/fr\/wp-json\/wp\/v2\/pages\/605\/revisions"}],"predecessor-version":[{"id":750,"href":"https:\/\/www.veniceapartmentssansamuele.com\/fr\/wp-json\/wp\/v2\/pages\/605\/revisions\/750"}],"wp:attachment":[{"href":"https:\/\/www.veniceapartmentssansamuele.com\/fr\/wp-json\/wp\/v2\/media?parent=605"}],"curies":[{"name":"wp","href":"https:\/\/api.w.org\/{rel}","templated":true}]}}