{"id":247,"date":"2017-03-22T17:51:34","date_gmt":"2017-03-22T16:51:34","guid":{"rendered":"http:\/\/www.veniceapartmentssansamuele.com\/contactos\/"},"modified":"2020-06-29T11:28:12","modified_gmt":"2020-06-29T09:28:12","slug":"contactos","status":"publish","type":"page","link":"https:\/\/www.veniceapartmentssansamuele.com\/es\/contactos\/","title":{"rendered":"Contactos"},"content":{"rendered":"<p>[vc_row row_type=\u00bbrow\u00bb use_row_as_full_screen_section=\u00bbno\u00bb type=\u00bbfull_width\u00bb text_align=\u00bbleft\u00bb css_animation=\u00bb\u00bb][vc_column][vc_column_text]<div class=\"wpgmp_map_container wpgmp-map-provider-google wpgmp-map-1\" rel=\"map1\" data-plugin-version=\"4.8.6\"><div class=\"wpgmp_map_parent\"><div class=\"wpgmp_map \" style=\"width:100%; height:800px;\" id=\"map1\" data-map-id=\"1\"><\/div><\/div><\/div><script>jQuery(document).ready(function($){ window.wpgmp = window.wpgmp || {}; window.wpgmp.mapdata1 = \"eyJhdXRvc29ydCI6dHJ1ZSwibWFwX29wdGlvbnMiOnsiY2VudGVyX2xhdCI6IjQ1LjQzNDQ5NzkwODE2ODA1IiwiY2VudGVyX2xuZyI6IjEyLjMyOTcwNzk4MTY0OTMzNSIsInpvb20iOjE2LCJtYXBfdHlwZV9pZCI6IlJPQURNQVAiLCJjZW50ZXJfYnlfbmVhcmVzdCI6ZmFsc2UsImZpdF9ib3VuZHMiOmZhbHNlLCJzaG93X2NlbnRlcl9jaXJjbGUiOmZhbHNlLCJzaG93X2NlbnRlcl9tYXJrZXIiOmZhbHNlLCJkcmFnZ2FibGUiOnRydWUsInNjcm9sbF93aGVlbCI6ImZhbHNlIiwiaW5mb3dpbmRvd19za2luIjp7Im5hbWUiOiJkZWZhdWx0IiwidHlwZSI6ImluZm93aW5kb3cifSwiaW5mb3dpbmRvd19kcm9wX2FuaW1hdGlvbiI6ZmFsc2UsImNsb3NlX2luZm93aW5kb3dfb25fbWFwX2NsaWNrIjpmYWxzZSwiZGVmYXVsdF9pbmZvd2luZG93X29wZW4iOmZhbHNlLCJpbmZvd2luZG93X29wZW5fZXZlbnQiOiJjbGljayIsImxpc3RpbmdfaW5mb3dpbmRvd19vcGVuX2V2ZW50IjoiY2xpY2siLCJpc19tb2JpbGUiOmZhbHNlLCJpbmZvd2luZG93X2ZpbHRlcl9vbmx5IjpmYWxzZSwiaW5mb3dpbmRvd19jbGlja19jaGFuZ2VfY2VudGVyIjpmYWxzZSwiZnVsbF9zY3JlZW5fY29udHJvbCI6dHJ1ZSwiY2FtZXJhX2NvbnRyb2wiOmZhbHNlLCJzZWFyY2hfY29udHJvbCI6dHJ1ZSwiem9vbV9jb250cm9sIjp0cnVlLCJtYXBfdHlwZV9jb250cm9sIjp0cnVlLCJzdHJlZXRfdmlld19jb250cm9sIjp0cnVlLCJsb2NhdGVtZV9jb250cm9sIjpmYWxzZSwibW9iaWxlX3NwZWNpZmljIjpmYWxzZSwiem9vbV9tb2JpbGUiOjUsImRyYWdnYWJsZV9tb2JpbGUiOnRydWUsInNjcm9sbF93aGVlbF9tb2JpbGUiOnRydWUsInpvb21fY29udHJvbF9wb3NpdGlvbiI6IlJJR0hUX0NFTlRFUiIsIm1hcF90eXBlX2NvbnRyb2xfcG9zaXRpb24iOiJUT1BfUklHSFQiLCJtYXBfdHlwZV9jb250cm9sX3N0eWxlIjoiSE9SSVpPTlRBTF9CQVIiLCJzdHJlZXRfdmlld19jb250cm9sX3Bvc2l0aW9uIjoiVE9QX0xFRlQiLCJtYXBfaW5mb3dpbmRvd19jdXN0b21pc2F0aW9ucyI6ZmFsc2UsImluZm93aW5kb3dfd2lkdGgiOiIxMDAlIiwic2hvd19pbmZvd2luZG93X2hlYWRlciI6ZmFsc2UsInpvb21fbGV2ZWxfYWZ0ZXJfc2VhcmNoIjoxMCwiZG91YmxlY2xpY2t6b29tIjpmYWxzZSwiY3VycmVudF9wb3N0X29ubHkiOmZhbHNlLCJhZHZhbmNlX3RlbXBsYXRlIjpmYWxzZSwibWFwX3RpbGVfdXJsIjoiaHR0cHM6XC9cL3tzfS50aWxlLm9wZW5zdHJlZXRtYXAub3JnXC97en1cL3t4fVwve3l9LnBuZyIsIm9wZW5zdHJlZXRfc3R5bGVzIjp7Ik9wZW5TdHJlZXRNYXAuTWFwbmlrIjoiaHR0cHM6XC9cL3tzfS50aWxlLm9wZW5zdHJlZXRtYXAub3JnXC97en1cL3t4fVwve3l9LnBuZyIsIk9wZW5TdHJlZXRNYXAuREUiOiJodHRwczpcL1wve3N9LnRpbGUub3BlbnN0cmVldG1hcC5kZVwvdGlsZXNcL29zbWRlXC97en1cL3t4fVwve3l9LnBuZyIsIk9wZW5TdHJlZXRNYXAuQ0giOiJodHRwczpcL1wvdGlsZS5vc20uY2hcL3N3aXR6ZXJsYW5kXC97en1cL3t4fVwve3l9LnBuZyIsIk9wZW5TdHJlZXRNYXAuRnJhbmNlIjoiaHR0cHM6XC9cL3tzfS50aWxlLm9wZW5zdHJlZXRtYXAuZnJcL29zbWZyXC97en1cL3t4fVwve3l9LnBuZyIsIk9wZW5TdHJlZXRNYXAuSE9UIjoiaHR0cHM6XC9cL3tzfS50aWxlLm9wZW5zdHJlZXRtYXAuZnJcL2hvdFwve3p9XC97eH1cL3t5fS5wbmciLCJPcGVuU3RyZWV0TWFwLkJaSCI6Imh0dHBzOlwvXC90aWxlLm9wZW5zdHJlZXRtYXAuYnpoXC9iclwve3p9XC97eH1cL3t5fS5wbmciLCJPcGVuVG9wb01hcCI6Imh0dHBzOlwvXC97c30udGlsZS5vcGVudG9wb21hcC5vcmdcL3t6fVwve3h9XC97eX0ucG5nIiwiVGh1bmRlcmZvcmVzdC5PcGVuQ3ljbGVNYXAiOiJodHRwczpcL1wvZGV2LntzfS50aWxlLm9wZW5zdHJlZXRtYXAuZnJcL2N5Y2xvc21cL3t6fVwve3h9XC97eX0ucG5nIiwiT3Blbk1hcFN1cmZlci5Sb2FkcyI6Imh0dHBzOlwvXC9tYXBzLmhlaWdpdC5vcmdcL29wZW5tYXBzdXJmZXJcL3RpbGVzXC9yb2Fkc1wvd2VibWVyY2F0b3JcL3t6fVwve3h9XC97eX0ucG5nIn0sIm9wZW5zdHJlZXRfc3R5bGVzX21hcmt1cCI6IjxzZWxlY3QgY2xhc3M9XCJ3cG9tcF9tYXBfdHlwZVwiPjxvcHRpb24gdmFsdWU9XCJPcGVuU3RyZWV0TWFwLk1hcG5pa1wiPk9wZW5TdHJlZXRNYXAuTWFwbmlrPFwvb3B0aW9uPjxvcHRpb24gdmFsdWU9XCJPcGVuU3RyZWV0TWFwLkRFXCI+T3BlblN0cmVldE1hcC5ERTxcL29wdGlvbj48b3B0aW9uIHZhbHVlPVwiT3BlblN0cmVldE1hcC5DSFwiPk9wZW5TdHJlZXRNYXAuQ0g8XC9vcHRpb24+PG9wdGlvbiB2YWx1ZT1cIk9wZW5TdHJlZXRNYXAuRnJhbmNlXCI+T3BlblN0cmVldE1hcC5GcmFuY2U8XC9vcHRpb24+PG9wdGlvbiB2YWx1ZT1cIk9wZW5TdHJlZXRNYXAuSE9UXCI+T3BlblN0cmVldE1hcC5IT1Q8XC9vcHRpb24+PG9wdGlvbiB2YWx1ZT1cIk9wZW5TdHJlZXRNYXAuQlpIXCI+T3BlblN0cmVldE1hcC5CWkg8XC9vcHRpb24+PG9wdGlvbiB2YWx1ZT1cIk9wZW5Ub3BvTWFwXCI+T3BlblRvcG9NYXA8XC9vcHRpb24+PG9wdGlvbiB2YWx1ZT1cIlRodW5kZXJmb3Jlc3QuT3BlbkN5Y2xlTWFwXCI+VGh1bmRlcmZvcmVzdC5PcGVuQ3ljbGVNYXA8XC9vcHRpb24+PG9wdGlvbiB2YWx1ZT1cIk9wZW5NYXBTdXJmZXIuUm9hZHNcIj5PcGVuTWFwU3VyZmVyLlJvYWRzPFwvb3B0aW9uPjxcL3NlbGVjdD4iLCJtYXBfYm94X3N0eWxlc19tYXJrdXAiOiI8c2VsZWN0IGNsYXNzPVwid3BvbXBfbWFwYm94X3R5cGVcIj48b3B0aW9uIHZhbHVlPVwic3RyZWV0cy12MTFcIj5TdHJlZXRzPFwvb3B0aW9uPjxvcHRpb24gdmFsdWU9XCJsaWdodC12MTBcIj5MaWdodDxcL29wdGlvbj48b3B0aW9uIHZhbHVlPVwiZGFyay12MTBcIj5EYXJrPFwvb3B0aW9uPjxvcHRpb24gdmFsdWU9XCJvdXRkb29ycy12MTFcIj5PdXRkb29yczxcL29wdGlvbj48b3B0aW9uIHZhbHVlPVwic2F0ZWxsaXRlLXY5XCI+U2F0ZWxsaXRlPFwvb3B0aW9uPjxcL3NlbGVjdD4iLCJib3VuZF9tYXBfYWZ0ZXJfZmlsdGVyIjpmYWxzZSwiZGlzcGxheV9yZXNldF9idXR0b24iOmZhbHNlLCJtYXBfcmVzZXRfYnV0dG9uX3RleHQiOiJSZXN0YWJsZWNlciIsImhlaWdodCI6IjgwMCIsInRpbGVzX3Byb3ZpZGVyIjoib3BlbnN0cmVldCJ9LCJwbGFjZXMiOlt7ImlkIjoiMSIsInRpdGxlIjoiVmVuaWNlIEFwYXJ0bWVudHMgU2FuIFNhbXVlbGUiLCJhZGRyZXNzIjoiU2FuIE1hcmNvLCAzMjY4Iiwic291cmNlIjoibWFudWFsIiwiY29udGVudCI6IlZlbmljZSBBcGFydG1lbnRzIFNhbiBTYW11ZWxlIiwibG9jYXRpb24iOnsiaWNvbiI6IiIsImxhdCI6IjQ1LjQzNDQ5NzkwODE2ODA1IiwibG5nIjoiMTIuMzI5NzA3OTgxNjQ5MzM1IiwiY2l0eSI6IlZlbmV6aWEiLCJzdGF0ZSI6IlZlbmV0byIsImNvdW50cnkiOiJJdGFseSIsIm9uY2xpY2tfYWN0aW9uIjoibWFya2VyIiwicmVkaXJlY3RfY3VzdG9tX2xpbmsiOiIiLCJtYXJrZXJfaW1hZ2UiOiI8ZGl2IGNsYXNzPSdmYy1mZWF0dXJlLWltZyc+PGltZyBsb2FkaW5nPSdsYXp5JyBkZWNvZGluZz0nYXN5bmMnIGFsdD0nVmVuaWNlIEFwYXJ0bWVudHMgU2FuIFNhbXVlbGUnIHNyYz0naHR0cHM6XC9cL3d3dy52ZW5pY2VhcGFydG1lbnRzc2Fuc2FtdWVsZS5jb21cL3dwLWNvbnRlbnRcL3BsdWdpbnNcL3dwLWdvb2dsZS1tYXAtcGx1Z2luXC9hc3NldHNcL2ltYWdlc1wvc2FtcGxlLmpwZycgY2xhc3M9J3dwZ21wX21hcmtlcl9pbWFnZSBmYy1pdGVtLWZlYXR1cmVkX2ltYWdlIGZjLWl0ZW0tbGFyZ2UnIFwvPjxcL2Rpdj4iLCJvcGVuX25ld190YWIiOiJ5ZXMiLCJwb3N0YWxfY29kZSI6IjMwMTI0IiwiZHJhZ2dhYmxlIjoiIiwiaW5mb3dpbmRvd19kZWZhdWx0X29wZW4iOiIiLCJhbmltYXRpb24iOiJCT1VOQ0UiLCJpbmZvd2luZG93X2Rpc2FibGUiOnRydWUsInpvb20iOjUsImV4dHJhX2ZpZWxkcyI6eyJsaXN0b3JkZXIiOjB9fSwiY2F0ZWdvcmllcyI6W10sImN1c3RvbV9maWx0ZXJzIjpbXX1dLCJtYXBfcHJvcGVydHkiOnsibWFwX2lkIjoiMSJ9LCJzaGFwZXMiOnsiZHJhd2luZ19lZGl0YWJsZSI6ZmFsc2V9LCJmaWx0ZXJzIjp7ImZpbHRlcnNfY29udGFpbmVyIjoiW2RhdGEtY29udGFpbmVyPVwid3BnbXAtZmlsdGVycy1jb250YWluZXJcIl0ifSwiZ2xvYmFsX3NldHRpbmdzIjpmYWxzZSwicHJvdmlkZXIiOiJnb29nbGUiLCJhcGlLZXkiOiIifQ==\"; });<\/script>[\/vc_column_text][\/vc_column][\/vc_row][vc_row row_type=\u00bbrow\u00bb use_row_as_full_screen_section=\u00bbno\u00bb type=\u00bbgrid\u00bb text_align=\u00bbleft\u00bb padding_top=\u00bb45&#8243; padding_bottom=\u00bb45&#8243; css_animation=\u00bb\u00bb][vc_column][vc_column_text]<\/p>\n<h2>COMO LLEGAR<\/h2>\n<p>[\/vc_column_text][vc_empty_space height=\u00bb35px\u00bb][vc_column_text]<\/p>\n<h3><strong>En avi\u00f3n<\/strong><\/h3>\n<p>Desde el\u00a0<strong>Aeropuerto\u00a0Internacional \u00abMarco Polo<\/strong>\u00bb de Venecia\u00a0est\u00e1 disponible el minib\u00fas acu\u00e1tico \u00ab<strong>Alilaguna\u00bb &#8211; l\u00ednea naranja,<\/strong>\u00a0<a href=\"https:\/\/www.alilaguna.it\/linee\/linea-arancio\">https:\/\/www.alilaguna.it\/linee\/linea-arancio<\/a>) que en 45 minutos le llevar\u00e1 a Sant&#8217;Angelo, a 5 minutos de Venice Apartments San Samuele.<\/p>\n<p>De lo contrario, al llegar al aeroporto, tome el\u00a0<strong>Autob\u00fas ACTV n\u00ba 5\u00a0<\/strong>en direcci\u00f3n a Venecia, Piazzale Roma (<a href=\"http:\/\/actv.avmspa.it\/it\/content\/orari-actv\">http:\/\/actv.avmspa.it\/it\/content\/orari-actv<\/a>) o el autob\u00fas\u00a0<strong>ATVO<\/strong>\u00a0<strong>n\u00ba 35\u00a0<\/strong>en direcci\u00f3n a Venecia, Piazzale Roma (<a href=\"http:\/\/www.atvo.it\/it-orari-e-autolinee.html\">http:\/\/www.atvo.it\/it-orari-e-autolinee.html<\/a>)<\/p>\n<p>Al llegar a Piazzale Roma tome el vaporetto\u00a0<strong>ACT n\u00b01\u00a0<\/strong>en en direcci\u00f3n a Lido y b\u00e1jese en la parada \u00abSant&#8217;Angelo\u00bb o el vaporetto\u00a0<strong>ACTV n\u00b02\u00a0<\/strong>en en direcci\u00f3n a San Marco y b\u00e1jese en la parada \u00bb San Samuele (<a href=\"http:\/\/actv.avmspa.it\/it\">http:\/\/actv.avmspa.it\/it<\/a>).<\/p>\n<p>Si llega desde el\u00a0<strong>aeropuerto \u00abCanova\u00bb de Treviso<\/strong>, tome el autob\u00fas\u00a0<strong>ATVO<\/strong>\u00a0<strong>linea 351\u00a0<\/strong>(<a href=\"http:\/\/www.atvo.it\/index.php?lingua=it&amp;area=menustandard&amp;idpadre=25&amp;idmenu=25&amp;ricerca&amp;destinazione=treviso%20canova%20airport|treviso%20airport|aeroporto%20di%20treviso\">http:\/\/www.atvo.it\/index.php?lingua=it&amp;area=menustandard&amp;idpadre=25&amp;idmenu=25&amp;ricerca&amp;destinazione=treviso%20canova%20airport|treviso%20airport|aeroporto%20di%20treviso<\/a>)<\/p>\n<p>en direcci\u00f3n a Venecia &#8211; Piazzale Roma y siga las indicaciones especificadas arriba.\u00a0Las salidas son aproximadamente cada 30 minutos y el trayecto dura unos 45 minutos.[\/vc_column_text][vc_empty_space height=\u00bb35px\u00bb][vc_column_text]<\/p>\n<h3><strong>En tren<\/strong><\/h3>\n<p>Al llegar a la\u00a0<strong>estaci\u00f3n de ferrocarril de Santa Lucia<\/strong>, tome el vaporetto\u00a0<strong>ACT n\u00b01\u00a0<\/strong>en en direcci\u00f3n a Lido y b\u00e1jese en la parada \u00abSant&#8217;Angelo\u00bb o el vaporetto\u00a0<strong>ACTV n\u00b02\u00a0<\/strong>en en direcci\u00f3n a San Marco y b\u00e1jese en la parada \u00bb San Samuele (<a href=\"http:\/\/actv.avmspa.it\/it\">http:\/\/actv.avmspa.it\/it<\/a>).[\/vc_column_text][vc_empty_space height=\u00bb35px\u00bb][vc_column_text]<\/p>\n<h3><strong>En coche<\/strong><\/h3>\n<p>Desde la autopista A4 Mil\u00e1n-Venecia, salga en el peaje de Venecia Mestre y siga las indicaciones para Venecia &#8211; Piazzale Roma.[\/vc_column_text][vc_empty_space height=\u00bb35px\u00bb][vc_column_text]<strong>APARCAMIENTO<\/strong><\/p>\n<p>Si llega a Venecia en autom\u00f3vil, le sugerimos que elija una de las siguientes \u00e1reas de estacionamiento:<\/p>\n<p><strong>1) GARAJE SAN MARCO<\/strong>\u00a0en Piazzale Roma:<\/p>\n<p>Tarifa diaria 24 horas, Euro 32.00. Tarifa de prepago y reserva de asiento en l\u00ednea, euro 30.00 (<a href=\"http:\/\/www.garagesanmarco.it\/\">www.garagesanmarco.it<\/a>)<\/p>\n<p><strong>2) AUTORIDAD MUNICIPAL<\/strong>\u00a0en Piazzale Roma:<\/p>\n<p>Tarifa diaria 24 horas, \u20ac 26.00. pago por adelantado y reserva en l\u00ednea, Euro 23.40 (<a href=\"http:\/\/www.veneziaunica.it\/ecommerce\/products\/pack\/parcheggio_piazzaleroma\">http:\/\/www.veneziaunica.it\/ecommerce\/products\/pack\/parcheggio_piazzaleroma<\/a>)<\/p>\n<p>Desde aqu\u00ed, tome el vaporetto\u00a0<strong>ACT n\u00b01\u00a0<\/strong>en en direcci\u00f3n a Lido y b\u00e1jese en la parada \u00abSant&#8217;Angelo\u00bb o el vaporetto\u00a0<strong>ACTV n\u00b02\u00a0<\/strong>en en direcci\u00f3n a San Marco y b\u00e1jese en la parada \u00bb San Samuele (<a href=\"http:\/\/actv.avmspa.it\/it\">http:\/\/actv.avmspa.it\/it<\/a>).<\/p>\n<p><strong>3) ESTACIONAMIENTO DE TRONCHETTO<\/strong>, Isola Nuovo del Tronchetto:<\/p>\n<p><strong><u>ubicado en la entrada a Venecia, gire a la derecha en el primer sem\u00e1foro al final del Puente de la Libertad.Tarifa diaria 24 horas.(<\/u><\/strong><a href=\"http:\/\/www.veniceparking.it\/\"><strong>www.veniceparking.it<\/strong><\/a><strong><u>)<\/u><\/strong><strong><u>\u00a0<\/u><\/strong><\/p>\n<p>Desde la nueva isla de Tronchetto en transporte p\u00fablico Vaporetto\u00a0<strong>ACTV n\u00b02\u00a0<\/strong>en en direcci\u00f3n a San Marco y b\u00e1jese en la parada \u00bb San Samuele (<a href=\"http:\/\/actv.avmspa.it\/it\">http:\/\/actv.avmspa.it\/it<\/a>).<\/p>\n<p><strong>TRANSFERT<\/strong><\/p>\n<p>Con el taxi acu\u00e1tico privado puede llegar directamente a nuestro hotel, el costo del traslado desde el aeropuerto de Marco Polo es de \u20ac 150.00 por viaje hasta 4 personas. Si desea reservar este servicio, debemos conocer su hora de llegada y n\u00famero de vuelo. Adem\u00e1s, la tarifa de taxi desde Piazzale Roma y Tronchetto es de \u20ac 80.00, mientras que desde la estaci\u00f3n de tren de Santa Lucia es de \u20ac 60.00 \/ 70.00.<\/p>\n<p><strong>ACTV BOLETO DE TIEMPOS<\/strong><\/p>\n<p>Le recomendamos que compre boletos de viaje programados en cualquier oficina de boletos de Actv que le ahorrar\u00e1 dinero, ya que el billete de ida cuesta \u20ac 7.50. Dependiendo de su estancia en Venecia, puede elegir: 24 horas, 20,00 \u20ac por persona, 48 horas, 30,00 \u20ac por persona, 72 horas, 40,00 \u20ac por persona o 7 d\u00edas, 60,00 \u20ac por persona.[\/vc_column_text][\/vc_column][\/vc_row][vc_row row_type=\u00bbrow\u00bb use_row_as_full_screen_section=\u00bbno\u00bb type=\u00bbfull_width\u00bb text_align=\u00bbleft\u00bb css_animation=\u00bb\u00bb][vc_column][vc_column_text]<br \/>\n[\/vc_column_text][\/vc_column][\/vc_row][vc_row row_type=\u00bbrow\u00bb use_row_as_full_screen_section=\u00bbno\u00bb type=\u00bbgrid\u00bb text_align=\u00bbleft\u00bb padding_top=\u00bb45&#8243; padding_bottom=\u00bb45&#8243; css_animation=\u00bb\u00bb][vc_column width=\u00bb2\/3&#8243;][vc_column_text]<\/p>\n<h5 class=\"gdlr-heading-shortcode \">RELLENA EL MOD\u00daLO PARA OBTENER M\u00c1S INFORMACIONES<\/h5>\n<p>[\/vc_column_text]<div role=\"form\" class=\"wpcf7\" id=\"wpcf7-f380-o1\" lang=\"it-IT\" dir=\"ltr\">\n<div class=\"screen-reader-response\"><p role=\"status\" aria-live=\"polite\" aria-atomic=\"true\"><\/p> <ul><\/ul><\/div>\n<form action=\"\/es\/wp-json\/wp\/v2\/pages\/247#wpcf7-f380-o1\" method=\"post\" class=\"wpcf7-form init cf7_custom_style_1\" novalidate=\"novalidate\" data-status=\"init\">\n<div style=\"display: none;\">\n<input type=\"hidden\" name=\"_wpcf7\" value=\"380\" \/>\n<input type=\"hidden\" name=\"_wpcf7_version\" value=\"5.5.3\" \/>\n<input type=\"hidden\" name=\"_wpcf7_locale\" value=\"it_IT\" \/>\n<input type=\"hidden\" name=\"_wpcf7_unit_tag\" value=\"wpcf7-f380-o1\" \/>\n<input type=\"hidden\" name=\"_wpcf7_container_post\" value=\"0\" \/>\n<input type=\"hidden\" name=\"_wpcf7_posted_data_hash\" value=\"\" \/>\n<\/div>\n<p><label> Nombre (obligatorio)<br \/>\n    <span class=\"wpcf7-form-control-wrap your-name\"><input type=\"text\" name=\"your-name\" value=\"\" size=\"40\" class=\"wpcf7-form-control wpcf7-text wpcf7-validates-as-required\" aria-required=\"true\" aria-invalid=\"false\" \/><\/span> <\/label><\/p>\n<p><label> Email (obligatorio)<br \/>\n    <span class=\"wpcf7-form-control-wrap your-email\"><input type=\"email\" name=\"your-email\" value=\"\" size=\"40\" class=\"wpcf7-form-control wpcf7-text wpcf7-email wpcf7-validates-as-required wpcf7-validates-as-email\" aria-required=\"true\" aria-invalid=\"false\" \/><\/span> <\/label><\/p>\n<p><label> Sujeto<br \/>\n    <span class=\"wpcf7-form-control-wrap your-subject\"><input type=\"text\" name=\"your-subject\" value=\"\" size=\"40\" class=\"wpcf7-form-control wpcf7-text\" aria-invalid=\"false\" \/><\/span> <\/label><\/p>\n<p><label> Mensaje<br \/>\n    <span class=\"wpcf7-form-control-wrap your-message\"><textarea name=\"your-message\" cols=\"40\" rows=\"10\" class=\"wpcf7-form-control wpcf7-textarea\" aria-invalid=\"false\"><\/textarea><\/span> <\/label><\/p>\n<p>Please note that data submitted by you shall be processed using electronic means in compliance with the principles set forth in applicable data privacy laws and regulations (EU Regulation n. 679, 2016), solely for the purpose of providing you with the information requested, and potentially for placing\/confirming your booking of room(s) and other services\/amenities. The complete privacy policy on processing methods and purposes is available at the following link: <a href=\"https:\/\/secure.bookingevolution.com\/privacy\/?l=en\" target=\"_blank\">Privacy Policy<\/a>.<br \/>\nIf you are interested in receiving our newsletter \/ periodic updates on special rates and promotions (to be sent to an address supplied by you), you must provide explicit consent to the same. You may at any time thereafter revoke such consent, as noted in the policy.<\/p>\n<p><span class=\"wpcf7-form-control-wrap acceptance-682\"><span class=\"wpcf7-form-control wpcf7-acceptance\"><span class=\"wpcf7-list-item\"><label><input type=\"checkbox\" name=\"acceptance-682\" value=\"1\" aria-invalid=\"false\" \/><span class=\"wpcf7-list-item-label\">I acknowledge receipt of the <a href=\"https:\/\/secure.bookingevolution.com\/privacy\/?l=en\" target=\"_blank\">privacy policy<\/a> <strong>(Mandatory field)<\/strong><\/span><\/label><\/span><\/span><\/span><br \/>\n<span class=\"wpcf7-form-control-wrap checkbox-863\"><span class=\"wpcf7-form-control wpcf7-checkbox\"><span class=\"wpcf7-list-item first last\"><label><input type=\"checkbox\" name=\"checkbox-863[]\" value=\"I authorise the mailing of newsletters and periodic notices on special rates\/promotions to the address I have supplied\" \/><span class=\"wpcf7-list-item-label\">I authorise the mailing of newsletters and periodic notices on special rates\/promotions to the address I have supplied<\/span><\/label><\/span><\/span><\/span><\/p>\n<p><input type=\"submit\" value=\"Inviar\" class=\"wpcf7-form-control has-spinner wpcf7-submit\" \/><\/p>\n<input type='hidden' class='wpcf7-pum' value='{\"closepopup\":false,\"closedelay\":0,\"openpopup\":false,\"openpopup_id\":0}' \/><div class=\"wpcf7-response-output\" aria-hidden=\"true\"><\/div><\/form><\/div>[\/vc_column][vc_column width=\u00bb1\/3&#8243;][vc_column_text]<\/p>\n<h5>Contactos<\/h5>\n<p>&nbsp;<\/p>\n<p><strong>Venice in Love Apartments in San Samuele<\/strong><\/p>\n<p>San Marco, 3361<br \/>\n30124 \u2013 Venecia \u2013 Italia<\/p>\n<p><a href=\"tel:+393485458771\"><i class=\"fa fa-phone\"><\/i>\u00a0 +39 348 5458771<\/a><br \/>\n<a href=\"mailto:info@veniceapartmentssansamuele.com\"><i class=\"fa fa-envelope\"><\/i>\u00a0\u00a0\u00a0info@veniceapartmentssansamuele.com<\/a>[\/vc_column_text][\/vc_column][\/vc_row]<\/p>\n","protected":false},"excerpt":{"rendered":"<p>[vc_row row_type=\u00bbrow\u00bb use_row_as_full_screen_section=\u00bbno\u00bb type=\u00bbfull_width\u00bb text_align=\u00bbleft\u00bb css_animation=\u00bb\u00bb][vc_column][vc_column_text][\/vc_column_text][\/vc_column][\/vc_row][vc_row row_type=\u00bbrow\u00bb use_row_as_full_screen_section=\u00bbno\u00bb type=\u00bbgrid\u00bb text_align=\u00bbleft\u00bb padding_top=\u00bb45&#8243; padding_bottom=\u00bb45&#8243; css_animation=\u00bb\u00bb][vc_column][vc_column_text] COMO LLEGAR [\/vc_column_text][vc_empty_space height=\u00bb35px\u00bb][vc_column_text] En avi\u00f3n Desde el\u00a0Aeropuerto\u00a0Internacional \u00abMarco Polo\u00bb de Venecia\u00a0est\u00e1 disponible el minib\u00fas acu\u00e1tico \u00abAlilaguna\u00bb &#8211; l\u00ednea naranja,\u00a0https:\/\/www.alilaguna.it\/linee\/linea-arancio) que en 45 minutos le llevar\u00e1 a Sant&#8217;Angelo, a 5 minutos de&#8230;<\/p>\n","protected":false},"author":1,"featured_media":0,"parent":0,"menu_order":0,"comment_status":"closed","ping_status":"closed","template":"full_width.php","meta":[],"yoast_head":"<!-- This site is optimized with the Yoast SEO plugin v17.8 - https:\/\/yoast.com\/wordpress\/plugins\/seo\/ -->\n<meta name=\"description\" content=\"COMO LLEGAR En avi\u00f3n Desde el\u00a0Aeropuerto\u00a0Internacional &quot;Marco Polo&quot; de Venecia\u00a0est\u00e1 disponible el minib\u00fas acu\u00e1tico &quot;Alilaguna&quot; - l\u00ednea\" \/>\n<meta name=\"robots\" content=\"index, follow, max-snippet:-1, max-image-preview:large, max-video-preview:-1\" \/>\n<link rel=\"canonical\" href=\"https:\/\/www.veniceapartmentssansamuele.com\/es\/contactos\/\" \/>\n<meta property=\"og:locale\" content=\"es_ES\" \/>\n<meta property=\"og:type\" content=\"article\" \/>\n<meta property=\"og:title\" content=\"Contactos - Venice Apartments San Samuele - Venezia\" \/>\n<meta property=\"og:description\" content=\"COMO LLEGAR En avi\u00f3n Desde el\u00a0Aeropuerto\u00a0Internacional &quot;Marco Polo&quot; de Venecia\u00a0est\u00e1 disponible el minib\u00fas acu\u00e1tico &quot;Alilaguna&quot; - l\u00ednea\" \/>\n<meta property=\"og:url\" content=\"https:\/\/www.veniceapartmentssansamuele.com\/es\/contactos\/\" \/>\n<meta property=\"og:site_name\" content=\"Venice Apartments San Samuele - Venezia\" \/>\n<meta property=\"article:modified_time\" content=\"2020-06-29T09:28:12+00:00\" \/>\n<meta name=\"twitter:card\" content=\"summary\" \/>\n<meta name=\"twitter:label1\" content=\"Tiempo de lectura\" \/>\n\t<meta name=\"twitter:data1\" content=\"4 minutos\" \/>\n<script type=\"application\/ld+json\" class=\"yoast-schema-graph\">{\"@context\":\"https:\/\/schema.org\",\"@graph\":[{\"@type\":\"Organization\",\"@id\":\"https:\/\/www.veniceapartmentssansamuele.com\/#organization\",\"name\":\"Venice Apartments San Samuele - Venezia\",\"url\":\"https:\/\/www.veniceapartmentssansamuele.com\/\",\"sameAs\":[],\"logo\":{\"@type\":\"ImageObject\",\"@id\":\"https:\/\/www.veniceapartmentssansamuele.com\/#logo\",\"inLanguage\":\"es\",\"url\":\"https:\/\/www.veniceapartmentssansamuele.com\/wp-content\/uploads\/2017\/03\/logo-vass3.png\",\"contentUrl\":\"https:\/\/www.veniceapartmentssansamuele.com\/wp-content\/uploads\/2017\/03\/logo-vass3.png\",\"width\":281,\"height\":77,\"caption\":\"Venice Apartments San Samuele - Venezia\"},\"image\":{\"@id\":\"https:\/\/www.veniceapartmentssansamuele.com\/#logo\"}},{\"@type\":\"WebSite\",\"@id\":\"https:\/\/www.veniceapartmentssansamuele.com\/#website\",\"url\":\"https:\/\/www.veniceapartmentssansamuele.com\/\",\"name\":\"Venice Apartments San Samuele - Venezia\",\"description\":\"\",\"publisher\":{\"@id\":\"https:\/\/www.veniceapartmentssansamuele.com\/#organization\"},\"potentialAction\":[{\"@type\":\"SearchAction\",\"target\":{\"@type\":\"EntryPoint\",\"urlTemplate\":\"https:\/\/www.veniceapartmentssansamuele.com\/?s={search_term_string}\"},\"query-input\":\"required name=search_term_string\"}],\"inLanguage\":\"es\"},{\"@type\":\"WebPage\",\"@id\":\"https:\/\/www.veniceapartmentssansamuele.com\/es\/contactos\/#webpage\",\"url\":\"https:\/\/www.veniceapartmentssansamuele.com\/es\/contactos\/\",\"name\":\"Contactos - Venice Apartments San Samuele - Venezia\",\"isPartOf\":{\"@id\":\"https:\/\/www.veniceapartmentssansamuele.com\/#website\"},\"datePublished\":\"2017-03-22T16:51:34+00:00\",\"dateModified\":\"2020-06-29T09:28:12+00:00\",\"description\":\"COMO LLEGAR En avi\\u00f3n Desde el\\u00a0Aeropuerto\\u00a0Internacional \\\"Marco Polo\\\" de Venecia\\u00a0est\\u00e1 disponible el minib\\u00fas acu\\u00e1tico \\\"Alilaguna\\\" - l\\u00ednea\",\"breadcrumb\":{\"@id\":\"https:\/\/www.veniceapartmentssansamuele.com\/es\/contactos\/#breadcrumb\"},\"inLanguage\":\"es\",\"potentialAction\":[{\"@type\":\"ReadAction\",\"target\":[\"https:\/\/www.veniceapartmentssansamuele.com\/es\/contactos\/\"]}]},{\"@type\":\"BreadcrumbList\",\"@id\":\"https:\/\/www.veniceapartmentssansamuele.com\/es\/contactos\/#breadcrumb\",\"itemListElement\":[{\"@type\":\"ListItem\",\"position\":1,\"name\":\"Home\",\"item\":\"https:\/\/www.veniceapartmentssansamuele.com\/es\/\"},{\"@type\":\"ListItem\",\"position\":2,\"name\":\"Contactos\"}]}]}<\/script>\n<!-- \/ Yoast SEO plugin. -->","yoast_head_json":{"description":"COMO LLEGAR En avi\u00f3n Desde el\u00a0Aeropuerto\u00a0Internacional \"Marco Polo\" de Venecia\u00a0est\u00e1 disponible el minib\u00fas acu\u00e1tico \"Alilaguna\" - l\u00ednea","robots":{"index":"index","follow":"follow","max-snippet":"max-snippet:-1","max-image-preview":"max-image-preview:large","max-video-preview":"max-video-preview:-1"},"canonical":"https:\/\/www.veniceapartmentssansamuele.com\/es\/contactos\/","og_locale":"es_ES","og_type":"article","og_title":"Contactos - Venice Apartments San Samuele - Venezia","og_description":"COMO LLEGAR En avi\u00f3n Desde el\u00a0Aeropuerto\u00a0Internacional \"Marco Polo\" de Venecia\u00a0est\u00e1 disponible el minib\u00fas acu\u00e1tico \"Alilaguna\" - l\u00ednea","og_url":"https:\/\/www.veniceapartmentssansamuele.com\/es\/contactos\/","og_site_name":"Venice Apartments San Samuele - Venezia","article_modified_time":"2020-06-29T09:28:12+00:00","twitter_card":"summary","twitter_misc":{"Tiempo de lectura":"4 minutos"},"schema":{"@context":"https:\/\/schema.org","@graph":[{"@type":"Organization","@id":"https:\/\/www.veniceapartmentssansamuele.com\/#organization","name":"Venice Apartments San Samuele - Venezia","url":"https:\/\/www.veniceapartmentssansamuele.com\/","sameAs":[],"logo":{"@type":"ImageObject","@id":"https:\/\/www.veniceapartmentssansamuele.com\/#logo","inLanguage":"es","url":"https:\/\/www.veniceapartmentssansamuele.com\/wp-content\/uploads\/2017\/03\/logo-vass3.png","contentUrl":"https:\/\/www.veniceapartmentssansamuele.com\/wp-content\/uploads\/2017\/03\/logo-vass3.png","width":281,"height":77,"caption":"Venice Apartments San Samuele - Venezia"},"image":{"@id":"https:\/\/www.veniceapartmentssansamuele.com\/#logo"}},{"@type":"WebSite","@id":"https:\/\/www.veniceapartmentssansamuele.com\/#website","url":"https:\/\/www.veniceapartmentssansamuele.com\/","name":"Venice Apartments San Samuele - Venezia","description":"","publisher":{"@id":"https:\/\/www.veniceapartmentssansamuele.com\/#organization"},"potentialAction":[{"@type":"SearchAction","target":{"@type":"EntryPoint","urlTemplate":"https:\/\/www.veniceapartmentssansamuele.com\/?s={search_term_string}"},"query-input":"required name=search_term_string"}],"inLanguage":"es"},{"@type":"WebPage","@id":"https:\/\/www.veniceapartmentssansamuele.com\/es\/contactos\/#webpage","url":"https:\/\/www.veniceapartmentssansamuele.com\/es\/contactos\/","name":"Contactos - Venice Apartments San Samuele - Venezia","isPartOf":{"@id":"https:\/\/www.veniceapartmentssansamuele.com\/#website"},"datePublished":"2017-03-22T16:51:34+00:00","dateModified":"2020-06-29T09:28:12+00:00","description":"COMO LLEGAR En avi\u00f3n Desde el\u00a0Aeropuerto\u00a0Internacional \"Marco Polo\" de Venecia\u00a0est\u00e1 disponible el minib\u00fas acu\u00e1tico \"Alilaguna\" - l\u00ednea","breadcrumb":{"@id":"https:\/\/www.veniceapartmentssansamuele.com\/es\/contactos\/#breadcrumb"},"inLanguage":"es","potentialAction":[{"@type":"ReadAction","target":["https:\/\/www.veniceapartmentssansamuele.com\/es\/contactos\/"]}]},{"@type":"BreadcrumbList","@id":"https:\/\/www.veniceapartmentssansamuele.com\/es\/contactos\/#breadcrumb","itemListElement":[{"@type":"ListItem","position":1,"name":"Home","item":"https:\/\/www.veniceapartmentssansamuele.com\/es\/"},{"@type":"ListItem","position":2,"name":"Contactos"}]}]}},"_links":{"self":[{"href":"https:\/\/www.veniceapartmentssansamuele.com\/es\/wp-json\/wp\/v2\/pages\/247"}],"collection":[{"href":"https:\/\/www.veniceapartmentssansamuele.com\/es\/wp-json\/wp\/v2\/pages"}],"about":[{"href":"https:\/\/www.veniceapartmentssansamuele.com\/es\/wp-json\/wp\/v2\/types\/page"}],"author":[{"embeddable":true,"href":"https:\/\/www.veniceapartmentssansamuele.com\/es\/wp-json\/wp\/v2\/users\/1"}],"replies":[{"embeddable":true,"href":"https:\/\/www.veniceapartmentssansamuele.com\/es\/wp-json\/wp\/v2\/comments?post=247"}],"version-history":[{"count":10,"href":"https:\/\/www.veniceapartmentssansamuele.com\/es\/wp-json\/wp\/v2\/pages\/247\/revisions"}],"predecessor-version":[{"id":734,"href":"https:\/\/www.veniceapartmentssansamuele.com\/es\/wp-json\/wp\/v2\/pages\/247\/revisions\/734"}],"wp:attachment":[{"href":"https:\/\/www.veniceapartmentssansamuele.com\/es\/wp-json\/wp\/v2\/media?parent=247"}],"curies":[{"name":"wp","href":"https:\/\/api.w.org\/{rel}","templated":true}]}}