{"id":231,"date":"2017-03-22T17:44:45","date_gmt":"2017-03-22T16:44:45","guid":{"rendered":"http:\/\/www.veniceapartmentssansamuele.com\/home\/"},"modified":"2024-09-02T17:20:42","modified_gmt":"2024-09-02T15:20:42","slug":"home","status":"publish","type":"page","link":"https:\/\/www.veniceapartmentssansamuele.com\/es\/","title":{"rendered":"Home"},"content":{"rendered":"<p>[vc_row row_type=\u00bbrow\u00bb use_row_as_full_screen_section=\u00bbno\u00bb type=\u00bbfull_width\u00bb text_align=\u00bbleft\u00bb css_animation=\u00bb\u00bb][vc_column][layerslider_vc id=\u00bb5&#8243;][\/vc_column][\/vc_row][vc_row row_type=\u00bbrow\u00bb use_row_as_full_screen_section=\u00bbno\u00bb type=\u00bbfull_width\u00bb text_align=\u00bbleft\u00bb css_animation=\u00bb\u00bb][vc_column][qode_elements_holder background_color=\u00bb#b7e4d8&#8243; number_of_columns=\u00bbtwo_columns\u00bb][qode_elements_holder_item item_padding=\u00bb30px 30px 30px 30px\u00bb vertical_alignment=\u00bbmiddle\u00bb][vc_column_text]Consuelo e Irene son madre e hija. Nacidas en Venecia aman su maravillosa ciudad y la viven intensamente. Les ofrecer\u00e1n una experiencia \u00fanica en sus apartamentos en el c\u00e9ntrico distrito de San Samuele, a solo unos pasos del Palazzo Grassi, un oasis de paz en el coraz\u00f3n de la ciudad m\u00e1s hermosa del mundo. Con un ingenioso equilibrio entre tradici\u00f3n y modernidad, los alojamientos de \u201cVenice in love\u201d permiten descubrir el silencio de las noches de Venecia, junto con la efervescencia diurna de sus calles. Disfrute de las terrazas del \u00e1tico, para un aperitivo o una velada rom\u00e1ntica al atardecer, con vistas a los tejados de la antigua ciudad. O de la maravilla del patio privado del apartamento en la planta baja. No se pierdan los peque\u00f1os detalles con los que les sorprender\u00e1n las dos damas venecianas. Unas vacaciones como estas son un sue\u00f1o.[\/vc_column_text][vc_empty_space height=\u00bb15px\u00bb]<a href=\"https:\/\/www.veniceapartmentssansamuele.com\/contatti\" target=\"_self\"  class=\"qbutton  big_large\" style=\"\">CONTATTACI<\/a>[\/qode_elements_holder_item][qode_elements_holder_item vertical_alignment=\u00bbmiddle\u00bb][vc_single_image image=\u00bb636&#8243; img_size=\u00bb1000&#215;800&#8243; qode_css_animation=\u00bb\u00bb][\/qode_elements_holder_item][\/qode_elements_holder][\/vc_column][\/vc_row][vc_row row_type=\u00bbrow\u00bb use_row_as_full_screen_section=\u00bbno\u00bb type=\u00bbfull_width\u00bb text_align=\u00bbleft\u00bb css_animation=\u00bb\u00bb el_class=\u00bbcontainer-flex\u00bb el_id=\u00bbcontainer-flex\u00bb][vc_column][qode_elements_holder background_color=\u00bb#b7e4d8&#8243; number_of_columns=\u00bbtwo_columns\u00bb alignment_one_column=\u00bbleft\u00bb][qode_elements_holder_item vertical_alignment=\u00bbmiddle\u00bb][vc_gallery interval=\u00bb3&#8243; images=\u00bb520,538,537,536,535,534,533,532,531,530,529,528,527,526,525,524,523,522,521&#8243; img_size=\u00bb1000&#215;800&#8243;][\/qode_elements_holder_item][qode_elements_holder_item item_padding=\u00bb30px 30px 30px 30px\u00bb vertical_alignment=\u00bbmiddle\u00bb][vc_column_text]<\/p>\n<h3>Apartamento Le Terrazze.<\/h3>\n<p>Con todas las comodidades, pero sobre todo con tres magn\u00edficas terrazas privadas para disfrutar de las maravillosas puestas de sol o los fascinantes amaneceres venecianos. Se distribuye en dos niveles, con una elegante escalera interior. Una habitaci\u00f3n doble con terraza y un sof\u00e1 cama para dos plazas m\u00e1s. A tiro de piedra de la Piazza San Marco, con una vista impresionante. Luminoso y silencioso, con aire acondicionado y wifi.<\/p>\n<p><em>CIN: IT027042B4Z4F8Z4EM<\/em>[\/vc_column_text][vc_empty_space height=\u00bb15px\u00bb]<a href=\"javascript:openbe2('sansamuele', 1)\" target=\"_self\"  class=\"qbutton  big_large\" style=\"\">PRENOTA<\/a>[\/qode_elements_holder_item][\/qode_elements_holder][\/vc_column][\/vc_row][vc_row row_type=\u00bbrow\u00bb use_row_as_full_screen_section=\u00bbno\u00bb type=\u00bbfull_width\u00bb text_align=\u00bbleft\u00bb css_animation=\u00bb\u00bb][vc_column][qode_elements_holder background_color=\u00bb#b7e4d8&#8243; number_of_columns=\u00bbtwo_columns\u00bb][qode_elements_holder_item item_padding=\u00bb30px 30px 30px 30px\u00bb vertical_alignment=\u00bbmiddle\u00bb][vc_column_text]<\/p>\n<h3>Apartamento Azul<\/h3>\n<p>En el segundo piso del edificio en San Samuele, el Apartamento Azul ofrece un alojamiento ideal hasta 6 personas, con dos habitaciones, una doble con una suntuosa cama azul, una habitaci\u00f3n con dos camas individuales y un sof\u00e1 cama para dos plazas adicionales. Luminoso, tranquilo, con una espl\u00e9ndida vista de los edificios hist\u00f3ricos venecianos rodeados de espacios verdes. Aire acondicionado y wifi.<\/p>\n<p><em>CIN: IT027042B4R2FFXT9F<\/em>[\/vc_column_text][vc_empty_space height=\u00bb15px\u00bb]<a href=\"javascript:openbe2('sansamuele', 1)\" target=\"_self\"  class=\"qbutton  big_large\" style=\"\">PRENOTA<\/a>[\/qode_elements_holder_item][qode_elements_holder_item vertical_alignment=\u00bbmiddle\u00bb][vc_gallery interval=\u00bb3&#8243; images=\u00bb493,498,497,496,495,494&#8243; img_size=\u00bb1000&#215;800&#8243;][\/qode_elements_holder_item][\/qode_elements_holder][\/vc_column][\/vc_row][vc_row row_type=\u00bbrow\u00bb use_row_as_full_screen_section=\u00bbno\u00bb type=\u00bbfull_width\u00bb text_align=\u00bbleft\u00bb css_animation=\u00bb\u00bb el_class=\u00bbcontainer-flex\u00bb][vc_column][qode_elements_holder background_color=\u00bb#b7e4d8&#8243; number_of_columns=\u00bbtwo_columns\u00bb alignment_one_column=\u00bbleft\u00bb][qode_elements_holder_item vertical_alignment=\u00bbmiddle\u00bb][vc_gallery interval=\u00bb3&#8243; images=\u00bb509,519,518,517,516,515,514,513,512,511,510&#8243; img_size=\u00bb1000&#215;800&#8243;][\/qode_elements_holder_item][qode_elements_holder_item item_padding=\u00bb30px 30px 30px 30px\u00bb vertical_alignment=\u00bbmiddle\u00bb][vc_column_text]<\/p>\n<h3>Apartamento Rojo<\/h3>\n<p>En el primer piso, el Apartamento Rojo se compone de dos habitaciones, una doble y una con dos camas individuales, una sala de estar con un sof\u00e1 cama de dos plazas, una cocina y un ba\u00f1o. Perfecto para 4 personas, puede alojar hasta 6 personas. Luminoso e igualmente silencioso, domina un espl\u00e9ndido jard\u00edn veneciano en el centro de San Samuele. Para una estancia confortable en el coraz\u00f3n de la tur\u00edstica Venecia. Aire acondicionado y wifi.<\/p>\n<p><em>CIN: IT027042B465KI327C<\/em>[\/vc_column_text][vc_empty_space height=\u00bb15px\u00bb]<a href=\"javascript:openbe2('sansamuele', 1)\" target=\"_self\"  class=\"qbutton  big_large\" style=\"\">PRENOTA<\/a>[\/qode_elements_holder_item][\/qode_elements_holder][\/vc_column][\/vc_row][vc_row row_type=\u00bbrow\u00bb use_row_as_full_screen_section=\u00bbno\u00bb type=\u00bbfull_width\u00bb text_align=\u00bbleft\u00bb css_animation=\u00bb\u00bb][vc_column][qode_elements_holder background_color=\u00bb#b7e4d8&#8243; number_of_columns=\u00bbtwo_columns\u00bb][qode_elements_holder_item item_padding=\u00bb30px 30px 30px 30px\u00bb vertical_alignment=\u00bbmiddle\u00bb][vc_column_text]<\/p>\n<h3>Apartamento La Corte<\/h3>\n<p>En la planta baja, este encantador apartamento para dos o cuatro hu\u00e9spedes cuenta con un patio privado amueblado y equipado para disfrutar y relajarse despu\u00e9s de visitar la ciudad. Una habitaci\u00f3n doble y un sof\u00e1 cama para dos plazas adicionales permiten una estancia exclusiva e inolvidable. Aire acondicionado y wifi.<\/p>\n<p><em>CIN: IT027042B43WC2I8LZ<\/em>[\/vc_column_text][vc_empty_space height=\u00bb15px\u00bb]<a href=\"javascript:openbe2('sansamuele', 1)\" target=\"_self\"  class=\"qbutton  big_large\" style=\"\">PRENOTA<\/a>[\/qode_elements_holder_item][qode_elements_holder_item vertical_alignment=\u00bbmiddle\u00bb][vc_gallery interval=\u00bb3&#8243; images=\u00bb499,508,507,506,505,504,503,573,572,571,502,501,500&#8243; img_size=\u00bb1000&#215;800&#8243;][\/qode_elements_holder_item][\/qode_elements_holder][\/vc_column][\/vc_row][vc_row row_type=\u00bbrow\u00bb use_row_as_full_screen_section=\u00bbno\u00bb type=\u00bbfull_width\u00bb text_align=\u00bbleft\u00bb background_color=\u00bb#ededed\u00bb side_padding=\u00bb20&#8243; padding_top=\u00bb50&#8243; padding_bottom=\u00bb50&#8243; css_animation=\u00bb\u00bb][vc_column][vc_column_text]<\/p>\n<h3 style=\"text-align: center;\"><strong>COMENTARIOS<\/strong><\/h3>\n<p>[\/vc_column_text][vc_empty_space height=\u00bb25px\u00bb][vc_row_inner row_type=\u00bbrow\u00bb type=\u00bbfull_width\u00bb use_row_as_full_screen_section_slide=\u00bbno\u00bb text_align=\u00bbleft\u00bb css_animation=\u00bb\u00bb][vc_column_inner width=\u00bb1\/3&#8243;][vc_column_text]<\/p>\n<p style=\"text-align: center;\">\u201cI have been coming to Venice every year for over 10 years. This was one of the best places I have stayed. Irene is a great host, very kind and helpful. The apartment is very clean, comfortable and in a great location.\u201d<\/p>\n<p style=\"text-align: right;\"><em>Peter<\/em><\/p>\n<p>[\/vc_column_text][\/vc_column_inner][vc_column_inner width=\u00bb1\/3&#8243;][vc_column_text]<\/p>\n<p style=\"text-align: center;\">\u201cAmo Venezia e adoro poterla godere in pace come in un tuffo nel tempo passato. Con tutti i confort di cui non potrei fare a meno.\u201d<\/p>\n<p style=\"text-align: right;\"><em>Barbara<\/em><\/p>\n<p>[\/vc_column_text][\/vc_column_inner][vc_column_inner width=\u00bb1\/3&#8243;][vc_column_text]<\/p>\n<p style=\"text-align: center;\">\u201cHe descubieto con placer estos bellisimos apartamentos y he sido muy feliz de ser huesped de Consuelo e Irene. Gracias.\u201d<\/p>\n<p style=\"text-align: right;\"><em>Victoria<\/em><\/p>\n<p>[\/vc_column_text][\/vc_column_inner][\/vc_row_inner][\/vc_column][\/vc_row]<\/p>\n","protected":false},"excerpt":{"rendered":"<p>[vc_row row_type=\u00bbrow\u00bb use_row_as_full_screen_section=\u00bbno\u00bb type=\u00bbfull_width\u00bb text_align=\u00bbleft\u00bb css_animation=\u00bb\u00bb][vc_column][layerslider_vc id=\u00bb5&#8243;][\/vc_column][\/vc_row][vc_row row_type=\u00bbrow\u00bb use_row_as_full_screen_section=\u00bbno\u00bb type=\u00bbfull_width\u00bb text_align=\u00bbleft\u00bb css_animation=\u00bb\u00bb][vc_column][qode_elements_holder background_color=\u00bb#b7e4d8&#8243; number_of_columns=\u00bbtwo_columns\u00bb][qode_elements_holder_item item_padding=\u00bb30px 30px 30px 30px\u00bb vertical_alignment=\u00bbmiddle\u00bb][vc_column_text]Consuelo e Irene son madre e hija. Nacidas en Venecia aman su maravillosa ciudad y la viven intensamente. Les ofrecer\u00e1n una experiencia \u00fanica en sus apartamentos en&#8230;<\/p>\n","protected":false},"author":1,"featured_media":0,"parent":0,"menu_order":0,"comment_status":"closed","ping_status":"closed","template":"full_width.php","meta":[],"yoast_head":"<!-- This site is optimized with the Yoast SEO plugin v17.8 - https:\/\/yoast.com\/wordpress\/plugins\/seo\/ -->\n<meta name=\"description\" content=\"Venice Apartments San Samuele est\u00e1 situado en el coraz\u00f3n de Venecia, a diez minutos de la Plaza San Marcos, est\u00e1 en la elegante y muy tranquila zona de San Samuele, muy vecino al centro de exhibici\u00f3n de Palazzo Grassi y Campo Santo Stefano. Ofrece soluciones c\u00f3modas con televisi\u00f3n a pantalla plana y conexi\u00f3n wi-fi gratis.\" \/>\n<meta name=\"robots\" content=\"index, follow, max-snippet:-1, max-image-preview:large, max-video-preview:-1\" \/>\n<link rel=\"canonical\" href=\"https:\/\/www.veniceapartmentssansamuele.com\/es\/\" \/>\n<meta property=\"og:locale\" content=\"es_ES\" \/>\n<meta property=\"og:type\" content=\"article\" \/>\n<meta property=\"og:title\" content=\"Venice Apartments San Samuele - Venecia - P\u00e1gina web oficial\" \/>\n<meta property=\"og:description\" content=\"Venice Apartments San Samuele est\u00e1 situado en el coraz\u00f3n de Venecia, a diez minutos de la Plaza San Marcos, est\u00e1 en la elegante y muy tranquila zona de San Samuele, muy vecino al centro de exhibici\u00f3n de Palazzo Grassi y Campo Santo Stefano. Ofrece soluciones c\u00f3modas con televisi\u00f3n a pantalla plana y conexi\u00f3n wi-fi gratis.\" \/>\n<meta property=\"og:url\" content=\"https:\/\/www.veniceapartmentssansamuele.com\/es\/\" \/>\n<meta property=\"og:site_name\" content=\"Venice Apartments San Samuele - Venezia\" \/>\n<meta property=\"article:modified_time\" content=\"2024-09-02T15:20:42+00:00\" \/>\n<meta name=\"twitter:card\" content=\"summary\" \/>\n<meta name=\"twitter:label1\" content=\"Tiempo de lectura\" \/>\n\t<meta name=\"twitter:data1\" content=\"6 minutos\" \/>\n<script type=\"application\/ld+json\" class=\"yoast-schema-graph\">{\"@context\":\"https:\/\/schema.org\",\"@graph\":[{\"@type\":\"Organization\",\"@id\":\"https:\/\/www.veniceapartmentssansamuele.com\/#organization\",\"name\":\"Venice Apartments San Samuele - Venezia\",\"url\":\"https:\/\/www.veniceapartmentssansamuele.com\/\",\"sameAs\":[],\"logo\":{\"@type\":\"ImageObject\",\"@id\":\"https:\/\/www.veniceapartmentssansamuele.com\/#logo\",\"inLanguage\":\"es\",\"url\":\"https:\/\/www.veniceapartmentssansamuele.com\/wp-content\/uploads\/2017\/03\/logo-vass3.png\",\"contentUrl\":\"https:\/\/www.veniceapartmentssansamuele.com\/wp-content\/uploads\/2017\/03\/logo-vass3.png\",\"width\":281,\"height\":77,\"caption\":\"Venice Apartments San Samuele - Venezia\"},\"image\":{\"@id\":\"https:\/\/www.veniceapartmentssansamuele.com\/#logo\"}},{\"@type\":\"WebSite\",\"@id\":\"https:\/\/www.veniceapartmentssansamuele.com\/#website\",\"url\":\"https:\/\/www.veniceapartmentssansamuele.com\/\",\"name\":\"Venice Apartments San Samuele - Venezia\",\"description\":\"\",\"publisher\":{\"@id\":\"https:\/\/www.veniceapartmentssansamuele.com\/#organization\"},\"potentialAction\":[{\"@type\":\"SearchAction\",\"target\":{\"@type\":\"EntryPoint\",\"urlTemplate\":\"https:\/\/www.veniceapartmentssansamuele.com\/?s={search_term_string}\"},\"query-input\":\"required name=search_term_string\"}],\"inLanguage\":\"es\"},{\"@type\":\"WebPage\",\"@id\":\"https:\/\/www.veniceapartmentssansamuele.com\/es\/#webpage\",\"url\":\"https:\/\/www.veniceapartmentssansamuele.com\/es\/\",\"name\":\"Venice Apartments San Samuele - Venecia - P\\u00e1gina web oficial\",\"isPartOf\":{\"@id\":\"https:\/\/www.veniceapartmentssansamuele.com\/#website\"},\"datePublished\":\"2017-03-22T16:44:45+00:00\",\"dateModified\":\"2024-09-02T15:20:42+00:00\",\"description\":\"Venice Apartments San Samuele est\\u00e1 situado en el coraz\\u00f3n de Venecia, a diez minutos de la Plaza San Marcos, est\\u00e1 en la elegante y muy tranquila zona de San Samuele, muy vecino al centro de exhibici\\u00f3n de Palazzo Grassi y Campo Santo Stefano. Ofrece soluciones c\\u00f3modas con televisi\\u00f3n a pantalla plana y conexi\\u00f3n wi-fi gratis.\",\"breadcrumb\":{\"@id\":\"https:\/\/www.veniceapartmentssansamuele.com\/es\/#breadcrumb\"},\"inLanguage\":\"es\",\"potentialAction\":[{\"@type\":\"ReadAction\",\"target\":[\"https:\/\/www.veniceapartmentssansamuele.com\/es\/\"]}]},{\"@type\":\"BreadcrumbList\",\"@id\":\"https:\/\/www.veniceapartmentssansamuele.com\/es\/#breadcrumb\",\"itemListElement\":[{\"@type\":\"ListItem\",\"position\":1,\"name\":\"Home\",\"item\":\"https:\/\/www.veniceapartmentssansamuele.com\/es\/\"},{\"@type\":\"ListItem\",\"position\":2,\"name\":\"Home\"}]}]}<\/script>\n<!-- \/ Yoast SEO plugin. -->","yoast_head_json":{"description":"Venice Apartments San Samuele est\u00e1 situado en el coraz\u00f3n de Venecia, a diez minutos de la Plaza San Marcos, est\u00e1 en la elegante y muy tranquila zona de San Samuele, muy vecino al centro de exhibici\u00f3n de Palazzo Grassi y Campo Santo Stefano. Ofrece soluciones c\u00f3modas con televisi\u00f3n a pantalla plana y conexi\u00f3n wi-fi gratis.","robots":{"index":"index","follow":"follow","max-snippet":"max-snippet:-1","max-image-preview":"max-image-preview:large","max-video-preview":"max-video-preview:-1"},"canonical":"https:\/\/www.veniceapartmentssansamuele.com\/es\/","og_locale":"es_ES","og_type":"article","og_title":"Venice Apartments San Samuele - Venecia - P\u00e1gina web oficial","og_description":"Venice Apartments San Samuele est\u00e1 situado en el coraz\u00f3n de Venecia, a diez minutos de la Plaza San Marcos, est\u00e1 en la elegante y muy tranquila zona de San Samuele, muy vecino al centro de exhibici\u00f3n de Palazzo Grassi y Campo Santo Stefano. Ofrece soluciones c\u00f3modas con televisi\u00f3n a pantalla plana y conexi\u00f3n wi-fi gratis.","og_url":"https:\/\/www.veniceapartmentssansamuele.com\/es\/","og_site_name":"Venice Apartments San Samuele - Venezia","article_modified_time":"2024-09-02T15:20:42+00:00","twitter_card":"summary","twitter_misc":{"Tiempo de lectura":"6 minutos"},"schema":{"@context":"https:\/\/schema.org","@graph":[{"@type":"Organization","@id":"https:\/\/www.veniceapartmentssansamuele.com\/#organization","name":"Venice Apartments San Samuele - Venezia","url":"https:\/\/www.veniceapartmentssansamuele.com\/","sameAs":[],"logo":{"@type":"ImageObject","@id":"https:\/\/www.veniceapartmentssansamuele.com\/#logo","inLanguage":"es","url":"https:\/\/www.veniceapartmentssansamuele.com\/wp-content\/uploads\/2017\/03\/logo-vass3.png","contentUrl":"https:\/\/www.veniceapartmentssansamuele.com\/wp-content\/uploads\/2017\/03\/logo-vass3.png","width":281,"height":77,"caption":"Venice Apartments San Samuele - Venezia"},"image":{"@id":"https:\/\/www.veniceapartmentssansamuele.com\/#logo"}},{"@type":"WebSite","@id":"https:\/\/www.veniceapartmentssansamuele.com\/#website","url":"https:\/\/www.veniceapartmentssansamuele.com\/","name":"Venice Apartments San Samuele - Venezia","description":"","publisher":{"@id":"https:\/\/www.veniceapartmentssansamuele.com\/#organization"},"potentialAction":[{"@type":"SearchAction","target":{"@type":"EntryPoint","urlTemplate":"https:\/\/www.veniceapartmentssansamuele.com\/?s={search_term_string}"},"query-input":"required name=search_term_string"}],"inLanguage":"es"},{"@type":"WebPage","@id":"https:\/\/www.veniceapartmentssansamuele.com\/es\/#webpage","url":"https:\/\/www.veniceapartmentssansamuele.com\/es\/","name":"Venice Apartments San Samuele - Venecia - P\u00e1gina web oficial","isPartOf":{"@id":"https:\/\/www.veniceapartmentssansamuele.com\/#website"},"datePublished":"2017-03-22T16:44:45+00:00","dateModified":"2024-09-02T15:20:42+00:00","description":"Venice Apartments San Samuele est\u00e1 situado en el coraz\u00f3n de Venecia, a diez minutos de la Plaza San Marcos, est\u00e1 en la elegante y muy tranquila zona de San Samuele, muy vecino al centro de exhibici\u00f3n de Palazzo Grassi y Campo Santo Stefano. Ofrece soluciones c\u00f3modas con televisi\u00f3n a pantalla plana y conexi\u00f3n wi-fi gratis.","breadcrumb":{"@id":"https:\/\/www.veniceapartmentssansamuele.com\/es\/#breadcrumb"},"inLanguage":"es","potentialAction":[{"@type":"ReadAction","target":["https:\/\/www.veniceapartmentssansamuele.com\/es\/"]}]},{"@type":"BreadcrumbList","@id":"https:\/\/www.veniceapartmentssansamuele.com\/es\/#breadcrumb","itemListElement":[{"@type":"ListItem","position":1,"name":"Home","item":"https:\/\/www.veniceapartmentssansamuele.com\/es\/"},{"@type":"ListItem","position":2,"name":"Home"}]}]}},"_links":{"self":[{"href":"https:\/\/www.veniceapartmentssansamuele.com\/es\/wp-json\/wp\/v2\/pages\/231"}],"collection":[{"href":"https:\/\/www.veniceapartmentssansamuele.com\/es\/wp-json\/wp\/v2\/pages"}],"about":[{"href":"https:\/\/www.veniceapartmentssansamuele.com\/es\/wp-json\/wp\/v2\/types\/page"}],"author":[{"embeddable":true,"href":"https:\/\/www.veniceapartmentssansamuele.com\/es\/wp-json\/wp\/v2\/users\/1"}],"replies":[{"embeddable":true,"href":"https:\/\/www.veniceapartmentssansamuele.com\/es\/wp-json\/wp\/v2\/comments?post=231"}],"version-history":[{"count":40,"href":"https:\/\/www.veniceapartmentssansamuele.com\/es\/wp-json\/wp\/v2\/pages\/231\/revisions"}],"predecessor-version":[{"id":752,"href":"https:\/\/www.veniceapartmentssansamuele.com\/es\/wp-json\/wp\/v2\/pages\/231\/revisions\/752"}],"wp:attachment":[{"href":"https:\/\/www.veniceapartmentssansamuele.com\/es\/wp-json\/wp\/v2\/media?parent=231"}],"curies":[{"name":"wp","href":"https:\/\/api.w.org\/{rel}","templated":true}]}}